{"id":1805,"date":"2022-10-28T14:34:34","date_gmt":"2022-10-28T12:34:34","guid":{"rendered":"https:\/\/www.stadefrancais.com\/faisanderie\/?page_id=1805"},"modified":"2024-01-18T12:20:13","modified_gmt":"2024-01-18T11:20:13","slug":"restaurant","status":"publish","type":"page","link":"https:\/\/www.stadefrancais.com\/faisanderie\/restaurant\/","title":{"rendered":"Restaurant"},"content":{"rendered":"<p>[et_pb_section fb_built=\u00a0\u00bb1&Prime; module_class=\u00a0\u00bbsection-full-height gradient\u00a0\u00bb _builder_version=\u00a0\u00bb4.19.5&Prime; _module_preset=\u00a0\u00bbdefault\u00a0\u00bb background_image=\u00a0\u00bbhttps:\/\/www.stadefrancais.com\/faisanderie\/wp-content\/uploads\/sites\/2\/2023\/01\/PHOTO-2023-01-25-19-03-16.jpg\u00a0\u00bb global_colors_info=\u00a0\u00bb{}\u00a0\u00bb][et_pb_row make_equal=\u00a0\u00bbon\u00a0\u00bb module_class=\u00a0\u00bbvertical-align-middle\u00a0\u00bb _builder_version=\u00a0\u00bb4.18.0&Prime; _module_preset=\u00a0\u00bbdefault\u00a0\u00bb height=\u00a0\u00bb100%\u00a0\u00bb global_colors_info=\u00a0\u00bb{}\u00a0\u00bb][et_pb_column type=\u00a0\u00bb4_4&Prime; _builder_version=\u00a0\u00bb4.18.0&Prime; _module_preset=\u00a0\u00bbdefault\u00a0\u00bb global_colors_info=\u00a0\u00bb{}\u00a0\u00bb][et_pb_text admin_label=\u00a0\u00bbTitre du site\u00a0\u00bb _builder_version=\u00a0\u00bb4.18.0&Prime; _module_preset=\u00a0\u00bbdefault\u00a0\u00bb header_font=\u00a0\u00bb|800||on|||||\u00a0\u00bb header_text_align=\u00a0\u00bbcenter\u00a0\u00bb header_text_color=\u00a0\u00bb#FFFFFF\u00a0\u00bb header_font_size=\u00a0\u00bb42px\u00a0\u00bb custom_margin=\u00a0\u00bb0px||0px||true|false\u00a0\u00bb custom_padding=\u00a0\u00bb0px||0px||true|false\u00a0\u00bb animation_style=\u00a0\u00bbfade\u00a0\u00bb animation_duration=\u00a0\u00bb800ms\u00a0\u00bb header_text_shadow_style=\u00a0\u00bbpreset1&Prime; header_text_shadow_vertical_length=\u00a0\u00bb0.02em\u00a0\u00bb global_colors_info=\u00a0\u00bb{}\u00a0\u00bb]<\/p>\n<h1>Restaurant<\/h1>\n<p>[\/et_pb_text][et_pb_text admin_label=\u00a0\u00bbDescription du site\u00a0\u00bb _builder_version=\u00a0\u00bb4.18.1&Prime; _module_preset=\u00a0\u00bbdefault\u00a0\u00bb header_2_font=\u00a0\u00bb|300|||||||\u00a0\u00bb header_2_text_align=\u00a0\u00bbcenter\u00a0\u00bb header_2_text_color=\u00a0\u00bb#FFFFFF\u00a0\u00bb header_2_font_size=\u00a0\u00bb18px\u00a0\u00bb animation_style=\u00a0\u00bbfade\u00a0\u00bb animation_duration=\u00a0\u00bb800ms\u00a0\u00bb animation_delay=\u00a0\u00bb250ms\u00a0\u00bb global_colors_info=\u00a0\u00bb{}\u00a0\u00bb]<\/p>\n<h2>Au coeur de la vie du club\u00a0<\/h2>\n<p>[\/et_pb_text][et_pb_icon font_icon=\u00a0\u00bb&#x3b;||divi||400&Prime; icon_color=\u00a0\u00bb#FFFFFF\u00a0\u00bb icon_width=\u00a0\u00bb55px\u00a0\u00bb title_text=\u00a0\u00bbAcc\u00e9der au contenu\u00a0\u00bb icon_width_tablet=\u00a0\u00bb40px\u00a0\u00bb icon_width_phone=\u00a0\u00bb40px\u00a0\u00bb icon_width_last_edited=\u00a0\u00bbon|phone\u00a0\u00bb module_class=\u00a0\u00bbscroll-to\u00a0\u00bb _builder_version=\u00a0\u00bb4.18.0&Prime; _module_preset=\u00a0\u00bbdefault\u00a0\u00bb positioning=\u00a0\u00bbabsolute\u00a0\u00bb position_origin_a=\u00a0\u00bbbottom_center\u00a0\u00bb vertical_offset=\u00a0\u00bb60px\u00a0\u00bb vertical_offset_tablet=\u00a0\u00bb80px\u00a0\u00bb vertical_offset_phone=\u00a0\u00bb80px\u00a0\u00bb vertical_offset_last_edited=\u00a0\u00bbon|phone\u00a0\u00bb animation_style=\u00a0\u00bbfade\u00a0\u00bb animation_duration=\u00a0\u00bb800ms\u00a0\u00bb animation_delay=\u00a0\u00bb500ms\u00a0\u00bb locked=\u00a0\u00bboff\u00a0\u00bb global_colors_info=\u00a0\u00bb{}\u00a0\u00bb][\/et_pb_icon][\/et_pb_column][\/et_pb_row][\/et_pb_section][et_pb_section fb_built=\u00a0\u00bb1&Prime; disabled_on=\u00a0\u00bboff|off|off\u00a0\u00bb _builder_version=\u00a0\u00bb4.18.1&Prime; _module_preset=\u00a0\u00bbdefault\u00a0\u00bb transform_scale_tablet=\u00a0\u00bb\u00a0\u00bb transform_scale_phone=\u00a0\u00bb\u00a0\u00bb transform_scale_last_edited=\u00a0\u00bbon|tablet\u00a0\u00bb transform_scale_linked_tablet=\u00a0\u00bboff\u00a0\u00bb transform_translate_tablet=\u00a0\u00bb0px|-32px\u00a0\u00bb transform_translate_phone=\u00a0\u00bb0px|-32px\u00a0\u00bb transform_translate_last_edited=\u00a0\u00bbon|phone\u00a0\u00bb transform_translate_linked=\u00a0\u00bboff\u00a0\u00bb transform_rotate_tablet=\u00a0\u00bb\u00a0\u00bb transform_rotate_phone=\u00a0\u00bb\u00a0\u00bb transform_rotate_last_edited=\u00a0\u00bbon|desktop\u00a0\u00bb transform_skew_tablet=\u00a0\u00bb\u00a0\u00bb transform_skew_phone=\u00a0\u00bb\u00a0\u00bb transform_skew_last_edited=\u00a0\u00bbon|desktop\u00a0\u00bb transform_origin_tablet=\u00a0\u00bb\u00a0\u00bb transform_origin_phone=\u00a0\u00bb\u00a0\u00bb transform_origin_last_edited=\u00a0\u00bbon|desktop\u00a0\u00bb transform_styles_last_edited=\u00a0\u00bbon|phone\u00a0\u00bb custom_padding=\u00a0\u00bb30px||30px||true|false\u00a0\u00bb sticky_position=\u00a0\u00bbtop\u00a0\u00bb sticky_offset_top=\u00a0\u00bb132px\u00a0\u00bb sticky_limit_bottom=\u00a0\u00bbbody\u00a0\u00bb sticky_offset_surrounding=\u00a0\u00bboff\u00a0\u00bb transform_styles_tablet=\u00a0\u00bb\u00a0\u00bb transform_styles_phone=\u00a0\u00bb\u00a0\u00bb sticky_offset_top_tablet=\u00a0\u00bb132px\u00a0\u00bb sticky_offset_top_phone=\u00a0\u00bb168px\u00a0\u00bb sticky_offset_top_last_edited=\u00a0\u00bbon|phone\u00a0\u00bb locked=\u00a0\u00bboff\u00a0\u00bb global_colors_info=\u00a0\u00bb{}\u00a0\u00bb transform_styles__sticky_enabled=\u00a0\u00bbon|desktop\u00a0\u00bb transform_scale__sticky_enabled=\u00a0\u00bbon|desktop\u00a0\u00bb transform_translate__sticky_enabled=\u00a0\u00bbon|desktop\u00a0\u00bb transform_rotate__sticky_enabled=\u00a0\u00bbon|desktop\u00a0\u00bb transform_skew__sticky_enabled=\u00a0\u00bbon|desktop\u00a0\u00bb transform_origin__sticky_enabled=\u00a0\u00bbon|desktop\u00a0\u00bb][et_pb_row _builder_version=\u00a0\u00bb4.18.0&Prime; _module_preset=\u00a0\u00bbdefault\u00a0\u00bb global_colors_info=\u00a0\u00bb{}\u00a0\u00bb][et_pb_column type=\u00a0\u00bb4_4&Prime; _builder_version=\u00a0\u00bb4.18.0&Prime; _module_preset=\u00a0\u00bbdefault\u00a0\u00bb global_colors_info=\u00a0\u00bb{}\u00a0\u00bb][et_pb_menu menu_id=\u00a0\u00bb12&Prime; menu_style=\u00a0\u00bbcentered\u00a0\u00bb module_class=\u00a0\u00bbmenu-scrollable\u00a0\u00bb _builder_version=\u00a0\u00bb4.18.0&Prime; _module_preset=\u00a0\u00bbdefault\u00a0\u00bb menu_text_color=\u00a0\u00bb#000000&Prime; global_colors_info=\u00a0\u00bb{}\u00a0\u00bb][\/et_pb_menu][\/et_pb_column][\/et_pb_row][\/et_pb_section][et_pb_section fb_built=\u00a0\u00bb1&Prime; _builder_version=\u00a0\u00bb4.18.0&Prime; _module_preset=\u00a0\u00bbdefault\u00a0\u00bb custom_padding=\u00a0\u00bb60px||60px||true|false\u00a0\u00bb global_colors_info=\u00a0\u00bb{}\u00a0\u00bb][et_pb_row column_structure=\u00a0\u00bb1_2,1_2&Prime; use_custom_gutter=\u00a0\u00bbon\u00a0\u00bb gutter_width=\u00a0\u00bb3&Prime; _builder_version=\u00a0\u00bb4.18.0&Prime; _module_preset=\u00a0\u00bbdefault\u00a0\u00bb global_colors_info=\u00a0\u00bb{}\u00a0\u00bb][et_pb_column type=\u00a0\u00bb1_2&Prime; _builder_version=\u00a0\u00bb4.18.0&Prime; _module_preset=\u00a0\u00bbdefault\u00a0\u00bb global_colors_info=\u00a0\u00bb{}\u00a0\u00bb][et_pb_text _builder_version=\u00a0\u00bb4.18.1&Prime; _module_preset=\u00a0\u00bb284c5185-febb-4f1d-8d36-2c1c6801f66a\u00a0\u00bb global_colors_info=\u00a0\u00bb{}\u00a0\u00bb]<\/p>\n<h3>Restaurant<\/h3>\n<p>[\/et_pb_text][et_pb_text _builder_version=\u00a0\u00bb4.19.4&Prime; _module_preset=\u00a0\u00bb7d55907d-49d1-48d1-8877-e7bf696107fd\u00a0\u00bb locked=\u00a0\u00bboff\u00a0\u00bb global_colors_info=\u00a0\u00bb{}\u00a0\u00bb]<\/p>\n<h4 class=\"sc_item_title sc_title_title sc_align_left sc_item_title_style_default sc_item_title_tag\">Parenth\u00e8se enchant\u00e9e pour un d\u00e9jeuner ou une pause inter-match !<\/h4>\n<div class=\"sc_item_descr sc_title_descr sc_align_left\">\n<p>&nbsp;<\/p>\n<\/div>\n<p>[\/et_pb_text][et_pb_text _builder_version=\u00a0\u00bb4.19.4&Prime; _module_preset=\u00a0\u00bbdefault\u00a0\u00bb global_colors_info=\u00a0\u00bb{}\u00a0\u00bb]<\/p>\n<ul>\n<li>\n<div class=\"sc_item_descr sc_title_descr sc_align_left\">\n<p>Notre restaurant vous propose toute l&rsquo;ann\u00e9e une cuisine fra\u00eeche, de saison et faite maison. Vous pourrez selon la saison, profitez de la magnifique v\u00e9randa et de sa grande luminosit\u00e9 ou de sa terrasse et sa vue sur un magnifique parc arbor\u00e9.<\/p>\n<p><span>Coeur de la vie du club on appr\u00e9cie de s\u2019y retrouver pour partager &#8211; \u00e0 l\u2019issue d\u2019un match, entre deux cours- un moment de d\u00e9tente et d\u2019\u00e9change autour d\u2019un repas ou d\u2019un verre entre amis.<\/span><\/p>\n<p><span>Pour d\u00e9couvrir la carte <a href=\"http:\/\/www.lafaisanderie-parcsaintcloud.fr\/restaurant\/\">http:\/\/www.lafaisanderie-parcsaintcloud.fr\/restaurant\/<\/a><\/span><\/p>\n<p><span>Pour r\u00e9server 07 56 19 74 42<\/span><\/p>\n<p><span><\/span><\/p>\n<\/div>\n<\/li>\n<\/ul>\n<p>[\/et_pb_text][\/et_pb_column][et_pb_column type=\u00a0\u00bb1_2&Prime; _builder_version=\u00a0\u00bb4.18.0&Prime; _module_preset=\u00a0\u00bbdefault\u00a0\u00bb animation_style=\u00a0\u00bbslide\u00a0\u00bb animation_direction=\u00a0\u00bbbottom\u00a0\u00bb animation_duration=\u00a0\u00bb800ms\u00a0\u00bb global_colors_info=\u00a0\u00bb{}\u00a0\u00bb][et_pb_image src=\u00a0\u00bbhttps:\/\/www.stadefrancais.com\/faisanderie\/wp-content\/uploads\/sites\/2\/2022\/11\/SF-2019_06-0237-scaled.jpg\u00a0\u00bb alt=\u00a0\u00bbSTADE FRANCAIS\u00a0\u00bb title_text=\u00a0\u00bbSTADE FRANCAIS\u00a0\u00bb _builder_version=\u00a0\u00bb4.18.1&Prime; _module_preset=\u00a0\u00bbdefault\u00a0\u00bb global_colors_info=\u00a0\u00bb{}\u00a0\u00bb][\/et_pb_image][et_pb_image src=\u00a0\u00bbhttps:\/\/www.stadefrancais.com\/faisanderie\/wp-content\/uploads\/sites\/2\/2023\/01\/Photo_Vincent-Krieger_210917_VK7_1554-scaled.jpg\u00a0\u00bb alt=\u00a0\u00bbPhoto Vincent Krieger 210917 Vk7 1554&Prime; title_text=\u00a0\u00bbPhoto Vincent Krieger 210917 Vk7 1554&Prime; _builder_version=\u00a0\u00bb4.19.4&Prime; _module_preset=\u00a0\u00bbdefault\u00a0\u00bb global_colors_info=\u00a0\u00bb{}\u00a0\u00bb][\/et_pb_image][\/et_pb_column][\/et_pb_row][\/et_pb_section][et_pb_section fb_built=\u00a0\u00bb1&Prime; _builder_version=\u00a0\u00bb4.18.0&Prime; _module_preset=\u00a0\u00bbdefault\u00a0\u00bb custom_padding=\u00a0\u00bb60px||30px||false|false\u00a0\u00bb locked=\u00a0\u00bboff\u00a0\u00bb global_colors_info=\u00a0\u00bb{}\u00a0\u00bb][et_pb_row column_structure=\u00a0\u00bb1_2,1_2&Prime; use_custom_gutter=\u00a0\u00bbon\u00a0\u00bb gutter_width=\u00a0\u00bb3&Prime; _builder_version=\u00a0\u00bb4.19.4&Prime; _module_preset=\u00a0\u00bbdefault\u00a0\u00bb global_colors_info=\u00a0\u00bb{}\u00a0\u00bb][et_pb_column type=\u00a0\u00bb1_2&Prime; _builder_version=\u00a0\u00bb4.18.0&Prime; _module_preset=\u00a0\u00bbdefault\u00a0\u00bb animation_style=\u00a0\u00bbslide\u00a0\u00bb animation_direction=\u00a0\u00bbbottom\u00a0\u00bb animation_duration=\u00a0\u00bb800ms\u00a0\u00bb global_colors_info=\u00a0\u00bb{}\u00a0\u00bb][et_pb_image src=\u00a0\u00bbhttps:\/\/www.stadefrancais.com\/wp-content\/uploads\/2022\/11\/6b6a433d-341d-4e07-8b71-876298f5bf98.jpg\u00a0\u00bb title_text=\u00a0\u00bb6b6a433d-341d-4e07-8b71-876298f5bf98&Prime; _builder_version=\u00a0\u00bb4.18.1&Prime; _module_preset=\u00a0\u00bbdefault\u00a0\u00bb custom_margin_tablet=\u00a0\u00bb60px||||false|false\u00a0\u00bb custom_margin_phone=\u00a0\u00bb60px||||false|false\u00a0\u00bb custom_margin_last_edited=\u00a0\u00bbon|phone\u00a0\u00bb global_colors_info=\u00a0\u00bb{}\u00a0\u00bb][\/et_pb_image][et_pb_image src=\u00a0\u00bbhttps:\/\/www.stadefrancais.com\/faisanderie\/wp-content\/uploads\/sites\/2\/2023\/01\/Photo_Vincent-Krieger_210918_VK7_1875-scaled.jpg\u00a0\u00bb alt=\u00a0\u00bbPhoto Vincent Krieger 210918 Vk7 1875&Prime; title_text=\u00a0\u00bbPhoto Vincent Krieger 210918 Vk7 1875&Prime; _builder_version=\u00a0\u00bb4.19.4&Prime; _module_preset=\u00a0\u00bbdefault\u00a0\u00bb custom_margin_tablet=\u00a0\u00bb60px||||false|false\u00a0\u00bb custom_margin_phone=\u00a0\u00bb60px||||false|false\u00a0\u00bb custom_margin_last_edited=\u00a0\u00bbon|phone\u00a0\u00bb global_colors_info=\u00a0\u00bb{}\u00a0\u00bb][\/et_pb_image][\/et_pb_column][et_pb_column type=\u00a0\u00bb1_2&Prime; _builder_version=\u00a0\u00bb4.18.0&Prime; _module_preset=\u00a0\u00bbdefault\u00a0\u00bb global_colors_info=\u00a0\u00bb{}\u00a0\u00bb][et_pb_text _builder_version=\u00a0\u00bb4.19.4&Prime; _module_preset=\u00a0\u00bb7d55907d-49d1-48d1-8877-e7bf696107fd\u00a0\u00bb locked=\u00a0\u00bboff\u00a0\u00bb global_colors_info=\u00a0\u00bb{}\u00a0\u00bb]<\/p>\n<h4>Les Avantages pour les Entreprises<\/h4>\n<p>[\/et_pb_text][et_pb_text _builder_version=\u00a0\u00bb4.19.5&Prime; _module_preset=\u00a0\u00bbdefault\u00a0\u00bb custom_margin=\u00a0\u00bb0px||||false|false\u00a0\u00bb global_colors_info=\u00a0\u00bb{}\u00a0\u00bb]<\/p>\n<p>Offrez \u00e0 vos salari\u00e9s, clients ou partenaires un moment inoubliable dans un cadre exceptionnel. Profitez de notre restaurant et ses salles de s\u00e9minaire\u00a0 au c\u0153ur du Domaine de Saint-Cloud pour votre entreprise ou vos clients ,.<\/p>\n<p>[\/et_pb_text][et_pb_text _builder_version=\u00a0\u00bb4.19.4&Prime; _module_preset=\u00a0\u00bbdefault\u00a0\u00bb custom_margin=\u00a0\u00bb0px||0px||false|false\u00a0\u00bb custom_padding=\u00a0\u00bb0px||||false|false\u00a0\u00bb global_colors_info=\u00a0\u00bb{}\u00a0\u00bb]<\/p>\n<p><strong>CONTACT<\/strong><\/p>\n<p>Buffet, cocktail, d\u00e9jeuner, diner et organisation de s\u00e9minaires.<\/p>\n<p><span>Pour tout renseignement, contactez Accueil Faisanderie au \u00a0<a href=\"https:\/\/www.google.com\/search?q=la+faisanderie&amp;oq=la+faisanderie+&amp;aqs=chrome.0.69i59j35i39j0i512j46i175i199i512l2j69i60l3.2485j0j7&amp;sourceid=chrome&amp;ie=UTF-8\" target=\"_blank\" rel=\"noopener\">01 46 02 83 47<\/a>\u00a0ou par mail\u00a0<\/span><a href=\"mailto:seminaire@stadefrancais.asso.fr\"><span>seminaire@stadefrancais.asso.fr<\/span><\/a><span>\u00a0<\/span><\/p>\n<p>[\/et_pb_text][\/et_pb_column][\/et_pb_row][\/et_pb_section]<\/p>\n","protected":false},"excerpt":{"rendered":"<p>RestaurantAu coeur de la vie du club\u00a0RestaurantParenth\u00e8se enchant\u00e9e pour un d\u00e9jeuner ou une pause inter-match ! &nbsp; Notre restaurant vous propose toute l&rsquo;ann\u00e9e une cuisine fra\u00eeche, de saison et faite maison. Vous pourrez selon la saison, profitez de la magnifique v\u00e9randa et de sa grande luminosit\u00e9 ou de sa terrasse et sa vue sur un [&hellip;]<\/p>\n","protected":false},"author":1,"featured_media":0,"parent":0,"menu_order":0,"comment_status":"closed","ping_status":"closed","template":"","meta":{"_acf_changed":false,"_seopress_robots_primary_cat":"","_seopress_titles_title":"","_seopress_titles_desc":"","_seopress_robots_index":"","_et_pb_use_builder":"on","_et_pb_old_content":"<!-- wp:divi\/placeholder \/-->","_et_gb_content_width":"","footnotes":""},"class_list":["post-1805","page","type-page","status-publish","hentry"],"acf":[],"_links":{"self":[{"href":"https:\/\/www.stadefrancais.com\/faisanderie\/wp-json\/wp\/v2\/pages\/1805","targetHints":{"allow":["GET"]}}],"collection":[{"href":"https:\/\/www.stadefrancais.com\/faisanderie\/wp-json\/wp\/v2\/pages"}],"about":[{"href":"https:\/\/www.stadefrancais.com\/faisanderie\/wp-json\/wp\/v2\/types\/page"}],"author":[{"embeddable":true,"href":"https:\/\/www.stadefrancais.com\/faisanderie\/wp-json\/wp\/v2\/users\/1"}],"replies":[{"embeddable":true,"href":"https:\/\/www.stadefrancais.com\/faisanderie\/wp-json\/wp\/v2\/comments?post=1805"}],"version-history":[{"count":8,"href":"https:\/\/www.stadefrancais.com\/faisanderie\/wp-json\/wp\/v2\/pages\/1805\/revisions"}],"predecessor-version":[{"id":2549,"href":"https:\/\/www.stadefrancais.com\/faisanderie\/wp-json\/wp\/v2\/pages\/1805\/revisions\/2549"}],"wp:attachment":[{"href":"https:\/\/www.stadefrancais.com\/faisanderie\/wp-json\/wp\/v2\/media?parent=1805"}],"curies":[{"name":"wp","href":"https:\/\/api.w.org\/{rel}","templated":true}]}}