{"id":2652,"date":"2024-09-11T15:11:47","date_gmt":"2024-09-11T13:11:47","guid":{"rendered":"https:\/\/www.stadefrancais.com\/faisanderie\/?page_id=2652"},"modified":"2026-05-05T12:25:07","modified_gmt":"2026-05-05T10:25:07","slug":"tarifs","status":"publish","type":"page","link":"https:\/\/www.stadefrancais.com\/faisanderie\/tarifs\/","title":{"rendered":"Tarifs"},"content":{"rendered":"<p>[et_pb_section fb_built=\u00a0\u00bb1&Prime; module_class=\u00a0\u00bbsection-full-height gradient\u00a0\u00bb _builder_version=\u00a0\u00bb4.19.5&Prime; _module_preset=\u00a0\u00bbdefault\u00a0\u00bb background_image=\u00a0\u00bbhttps:\/\/www.stadefrancais.com\/faisanderie\/wp-content\/uploads\/sites\/2\/2022\/10\/Vue-pavillon-via-pelouse.jpg\u00a0\u00bb global_colors_info=\u00a0\u00bb{}\u00a0\u00bb][et_pb_row make_equal=\u00a0\u00bbon\u00a0\u00bb module_class=\u00a0\u00bbvertical-align-middle\u00a0\u00bb _builder_version=\u00a0\u00bb4.18.0&Prime; _module_preset=\u00a0\u00bbdefault\u00a0\u00bb height=\u00a0\u00bb100%\u00a0\u00bb global_colors_info=\u00a0\u00bb{}\u00a0\u00bb][et_pb_column type=\u00a0\u00bb4_4&Prime; _builder_version=\u00a0\u00bb4.18.0&Prime; _module_preset=\u00a0\u00bbdefault\u00a0\u00bb global_colors_info=\u00a0\u00bb{}\u00a0\u00bb][et_pb_text admin_label=\u00a0\u00bbTitre du site\u00a0\u00bb _builder_version=\u00a0\u00bb4.25.2&Prime; _module_preset=\u00a0\u00bbdefault\u00a0\u00bb header_font=\u00a0\u00bb|800||on|||||\u00a0\u00bb header_text_align=\u00a0\u00bbcenter\u00a0\u00bb header_text_color=\u00a0\u00bb#FFFFFF\u00a0\u00bb header_font_size=\u00a0\u00bb42px\u00a0\u00bb custom_margin=\u00a0\u00bb0px||0px||true|false\u00a0\u00bb custom_padding=\u00a0\u00bb0px||0px||true|false\u00a0\u00bb animation_style=\u00a0\u00bbfade\u00a0\u00bb animation_duration=\u00a0\u00bb800ms\u00a0\u00bb header_text_shadow_style=\u00a0\u00bbpreset1&Prime; header_text_shadow_vertical_length=\u00a0\u00bb0.02em\u00a0\u00bb global_colors_info=\u00a0\u00bb{}\u00a0\u00bb]<\/p>\n<h1>Tarifs<\/h1>\n<p>[\/et_pb_text][et_pb_text admin_label=\u00a0\u00bbDescription du site\u00a0\u00bb _builder_version=\u00a0\u00bb4.25.2&Prime; _module_preset=\u00a0\u00bbdefault\u00a0\u00bb header_2_font=\u00a0\u00bb|300|||||||\u00a0\u00bb header_2_text_align=\u00a0\u00bbcenter\u00a0\u00bb header_2_text_color=\u00a0\u00bb#FFFFFF\u00a0\u00bb header_2_font_size=\u00a0\u00bb18px\u00a0\u00bb animation_style=\u00a0\u00bbfade\u00a0\u00bb animation_duration=\u00a0\u00bb800ms\u00a0\u00bb animation_delay=\u00a0\u00bb250ms\u00a0\u00bb global_colors_info=\u00a0\u00bb{}\u00a0\u00bb]<\/p>\n<h2>Retrouvez les tarifs de La Faisanderie<\/h2>\n<p>[\/et_pb_text][et_pb_icon font_icon=\u00a0\u00bb&#x3b;||divi||400&Prime; icon_color=\u00a0\u00bb#FFFFFF\u00a0\u00bb icon_width=\u00a0\u00bb55px\u00a0\u00bb title_text=\u00a0\u00bbAcc\u00e9der au contenu\u00a0\u00bb icon_width_tablet=\u00a0\u00bb40px\u00a0\u00bb icon_width_phone=\u00a0\u00bb40px\u00a0\u00bb icon_width_last_edited=\u00a0\u00bbon|phone\u00a0\u00bb module_class=\u00a0\u00bbscroll-to\u00a0\u00bb _builder_version=\u00a0\u00bb4.18.0&Prime; _module_preset=\u00a0\u00bbdefault\u00a0\u00bb positioning=\u00a0\u00bbabsolute\u00a0\u00bb position_origin_a=\u00a0\u00bbbottom_center\u00a0\u00bb vertical_offset=\u00a0\u00bb60px\u00a0\u00bb vertical_offset_tablet=\u00a0\u00bb80px\u00a0\u00bb vertical_offset_phone=\u00a0\u00bb80px\u00a0\u00bb vertical_offset_last_edited=\u00a0\u00bbon|phone\u00a0\u00bb animation_style=\u00a0\u00bbfade\u00a0\u00bb animation_duration=\u00a0\u00bb800ms\u00a0\u00bb animation_delay=\u00a0\u00bb500ms\u00a0\u00bb locked=\u00a0\u00bboff\u00a0\u00bb global_colors_info=\u00a0\u00bb{}\u00a0\u00bb][\/et_pb_icon][\/et_pb_column][\/et_pb_row][\/et_pb_section][et_pb_section fb_built=\u00a0\u00bb1&Prime; module_id=\u00a0\u00bbcontent\u00a0\u00bb _builder_version=\u00a0\u00bb4.25.2&Prime; _module_preset=\u00a0\u00bbdefault\u00a0\u00bb custom_margin=\u00a0\u00bb||||true|false\u00a0\u00bb custom_padding=\u00a0\u00bb60px||||false|false\u00a0\u00bb locked=\u00a0\u00bboff\u00a0\u00bb global_colors_info=\u00a0\u00bb{}\u00a0\u00bb][et_pb_row _builder_version=\u00a0\u00bb4.25.2&Prime; _module_preset=\u00a0\u00bbdefault\u00a0\u00bb global_colors_info=\u00a0\u00bb{}\u00a0\u00bb][et_pb_column type=\u00a0\u00bb4_4&Prime; _builder_version=\u00a0\u00bb4.18.0&Prime; _module_preset=\u00a0\u00bbdefault\u00a0\u00bb custom_padding_tablet=\u00a0\u00bb||30px||false|false\u00a0\u00bb custom_padding_phone=\u00a0\u00bb||30px||false|false\u00a0\u00bb custom_padding_last_edited=\u00a0\u00bbon|tablet\u00a0\u00bb global_colors_info=\u00a0\u00bb{}\u00a0\u00bb][et_pb_text _builder_version=\u00a0\u00bb4.27.4&Prime; _module_preset=\u00a0\u00bbdefault\u00a0\u00bb custom_margin=\u00a0\u00bb||60px||false|false\u00a0\u00bb hover_enabled=\u00a0\u00bb0&Prime; global_colors_info=\u00a0\u00bb{}\u00a0\u00bb sticky_enabled=\u00a0\u00bb0&Prime;]<\/p>\n<h3>Uniquement r\u00e9serv\u00e9 aux membres de La Faisanderie<\/h3>\n<p>L\u2019acc\u00e8s \u00e0 La Faisanderie est r\u00e9serv\u00e9 aux adh\u00e9rents. Pour demander un dossier d\u2019adh\u00e9sion, contacter et organiser une visite. <a href=\"mailto:faisanderie@stadefrancais.asso.fr\">faisanderie@stadefrancais.asso.fr<\/a><\/p>\n<p><img decoding=\"async\" src=\"https:\/\/www.stadefrancais.com\/faisanderie\/wp-content\/uploads\/sites\/2\/2026\/05\/15-E-300x280.png\" width=\"530\" height=\"495\" alt=\"15 \u20ac\" class=\"wp-image-2808 alignnone size-medium\" srcset=\"https:\/\/www.stadefrancais.com\/faisanderie\/wp-content\/uploads\/sites\/2\/2026\/05\/15-E-300x280.png 300w, https:\/\/www.stadefrancais.com\/faisanderie\/wp-content\/uploads\/sites\/2\/2026\/05\/15-E-161x150.png 161w, https:\/\/www.stadefrancais.com\/faisanderie\/wp-content\/uploads\/sites\/2\/2026\/05\/15-E.png 547w\" sizes=\"(max-width: 530px) 100vw, 530px\" \/><\/p>\n<p>Tarifs sp\u00e9ciaux pour les 0-2 ans et \u00e0 partir du 3<sup>\u00e8me<\/sup> enfant.<\/p>\n<p>Tarifs sp\u00e9ciaux pour les acc\u00e8s aux activit\u00e9s des autres sites (G\u00e9o Andr\u00e9 et le Haras Lupin)<\/p>\n<p>Pour les cours collectifs, jeunes et adultes, voir les tarifs tennis ci-dessous.<\/p>\n<p>&nbsp;<\/p>\n<p>[\/et_pb_text][\/et_pb_column][\/et_pb_row][\/et_pb_section][et_pb_section fb_built=\u00a0\u00bb1&Prime; custom_padding_last_edited=\u00a0\u00bboff|desktop\u00a0\u00bb module_id=\u00a0\u00bbintroduction\u00a0\u00bb _builder_version=\u00a0\u00bb4.18.0&Prime; _module_preset=\u00a0\u00bbdefault\u00a0\u00bb custom_padding=\u00a0\u00bb60px||60px||true|false\u00a0\u00bb custom_padding_tablet=\u00a0\u00bb30px||||false|false\u00a0\u00bb custom_padding_phone=\u00a0\u00bb30px||||false|false\u00a0\u00bb global_colors_info=\u00a0\u00bb{}\u00a0\u00bb][et_pb_row column_structure=\u00a0\u00bb1_2,1_2&Prime; _builder_version=\u00a0\u00bb4.25.2&Prime; _module_preset=\u00a0\u00bbdefault\u00a0\u00bb global_colors_info=\u00a0\u00bb{}\u00a0\u00bb][et_pb_column type=\u00a0\u00bb1_2&Prime; _builder_version=\u00a0\u00bb4.25.2&Prime; _module_preset=\u00a0\u00bbdefault\u00a0\u00bb global_colors_info=\u00a0\u00bb{}\u00a0\u00bb][et_pb_text _builder_version=\u00a0\u00bb4.27.4&Prime; _module_preset=\u00a0\u00bbdefault\u00a0\u00bb width=\u00a0\u00bb98%\u00a0\u00bb global_colors_info=\u00a0\u00bb{}\u00a0\u00bb]<\/p>\n<h4>Tennis<\/h4>\n<p>La Faisanderie est depuis toujours au c\u0153ur de l\u2019histoire du tennis en France ! Terre d\u2019accueil des premiers internationaux de tennis, le Stade Fran\u00e7ais est un des premiers clubs de tennis en France par son histoire, son palmar\u00e8s, le nombre de ses licenci\u00e9s et la qualit\u00e9 de ses installations. Que vous soyez un joueur aguerri ou un amateur enthousiaste, La Faisanderie vous ouvre ses portes pour vivre au quotidien une exp\u00e9rience inoubliable.<br \/>Les \u00e9coles de tennis de la Faisanderie proposent aux adultes et aux enfants des cours collectifs selon leur cat\u00e9gorie d\u2019\u00e2ge et leur niveau. Des stages organis\u00e9s pendant les vacances scolaires, constituent un v\u00e9ritable compl\u00e9ment de formation pour un apprentissage plus intensif.<br \/>Pour les joueurs de comp\u00e9tition, ils pourront rejoindre sur s\u00e9lections le centre d\u2019entra\u00eenement jeune ou les \u00e9quipes seniors. Retrouvez toutes les informations tennis sur la page d\u00e9di\u00e9e \u00e0 la section ou cliquant directement sur <a href=\"https:\/\/www.stadefrancais.com\/sections\/tennis\/\">ce lien<\/a>.<\/p>\n<p><img decoding=\"async\" src=\"https:\/\/www.stadefrancais.com\/faisanderie\/wp-content\/uploads\/sites\/2\/2026\/02\/tarif-tennis--300x235.png\" width=\"598\" height=\"468\" alt=\"Tarif Tennis\" class=\"wp-image-2795 alignnone size-medium\" srcset=\"https:\/\/www.stadefrancais.com\/faisanderie\/wp-content\/uploads\/sites\/2\/2026\/02\/tarif-tennis--300x235.png 300w, https:\/\/www.stadefrancais.com\/faisanderie\/wp-content\/uploads\/sites\/2\/2026\/02\/tarif-tennis--192x150.png 192w, https:\/\/www.stadefrancais.com\/faisanderie\/wp-content\/uploads\/sites\/2\/2026\/02\/tarif-tennis-.png 507w\" sizes=\"(max-width: 598px) 100vw, 598px\" \/><\/p>\n<p>&nbsp;<\/p>\n<p>&nbsp;<\/p>\n<p>[\/et_pb_text][\/et_pb_column][et_pb_column type=\u00a0\u00bb1_2&Prime; _builder_version=\u00a0\u00bb4.25.2&Prime; _module_preset=\u00a0\u00bbdefault\u00a0\u00bb global_colors_info=\u00a0\u00bb{}\u00a0\u00bb][et_pb_text _builder_version=\u00a0\u00bb4.27.4&Prime; _module_preset=\u00a0\u00bbdefault\u00a0\u00bb global_colors_info=\u00a0\u00bb{}\u00a0\u00bb]<\/p>\n<h4>Football<\/h4>\n<p>La politique sportive de la section football est fond\u00e9e depuis des ann\u00e9es sur la qualit\u00e9 : qualit\u00e9 de l\u2019accueil des jeunes, qualit\u00e9 de la formation et mise en oeuvre d\u2019une v\u00e9ritable philosophie sportive et de vie. Les r\u00e9sultats ont suivi et doivent \u00eatre mis en exergue, le Stade Fran\u00e7ais Football s\u2019est vu attribuer par la F\u00e9d\u00e9ration Fran\u00e7aise de Football (FFF) le LABEL QUALIT\u00c9 EXCELLENCE, une reconnaissance pour la qualit\u00e9 de notre engagement sportif et \u00e9ducatif.<br \/>Pour soutenir et d\u00e9velopper le football f\u00e9minin nous proposons un tarif sp\u00e9cial pour encourager les filles \u00e0 rejoindre la section : inscription \u00e0 moiti\u00e9 prix<\/p>\n<p>Retrouvez toutes les informations football sur la page d\u00e9di\u00e9e \u00e0 la section ou cliquant directement sur <a href=\"https:\/\/www.stadefrancais.com\/sections\/tennis\/\">ce lien<\/a>.<\/p>\n<p><img decoding=\"async\" src=\"https:\/\/www.stadefrancais.com\/faisanderie\/wp-content\/uploads\/sites\/2\/2026\/02\/football-300x162.png\" width=\"1044\" height=\"564\" alt=\"Football\" class=\"wp-image-2796 alignnone size-medium\" srcset=\"https:\/\/www.stadefrancais.com\/faisanderie\/wp-content\/uploads\/sites\/2\/2026\/02\/football-300x162.png 300w, https:\/\/www.stadefrancais.com\/faisanderie\/wp-content\/uploads\/sites\/2\/2026\/02\/football-277x150.png 277w, https:\/\/www.stadefrancais.com\/faisanderie\/wp-content\/uploads\/sites\/2\/2026\/02\/football.png 505w\" sizes=\"(max-width: 1044px) 100vw, 1044px\" \/><\/p>\n<p>[\/et_pb_text][\/et_pb_column][\/et_pb_row][\/et_pb_section][et_pb_section fb_built=\u00a0\u00bb1&Prime; _builder_version=\u00a0\u00bb4.27.4&Prime; _module_preset=\u00a0\u00bbdefault\u00a0\u00bb global_colors_info=\u00a0\u00bb{}\u00a0\u00bb][et_pb_row _builder_version=\u00a0\u00bb4.27.4&Prime; _module_preset=\u00a0\u00bbdefault\u00a0\u00bb global_colors_info=\u00a0\u00bb{}\u00a0\u00bb][et_pb_column type=\u00a0\u00bb4_4&Prime; _builder_version=\u00a0\u00bb4.27.4&Prime; _module_preset=\u00a0\u00bbdefault\u00a0\u00bb global_colors_info=\u00a0\u00bb{}\u00a0\u00bb][et_pb_image _builder_version=\u00a0\u00bb4.27.4&Prime; _module_preset=\u00a0\u00bbdefault\u00a0\u00bb global_colors_info=\u00a0\u00bb{}\u00a0\u00bb][\/et_pb_image][\/et_pb_column][\/et_pb_row][\/et_pb_section]<\/p>\n","protected":false},"excerpt":{"rendered":"<p>TarifsRetrouvez les tarifs de La FaisanderieUniquement r\u00e9serv\u00e9 aux membres de La Faisanderie L\u2019acc\u00e8s \u00e0 La Faisanderie est r\u00e9serv\u00e9 aux adh\u00e9rents. Pour demander un dossier d\u2019adh\u00e9sion, contacter et organiser une visite. faisanderie@stadefrancais.asso.fr Tarifs sp\u00e9ciaux pour les 0-2 ans et \u00e0 partir du 3\u00e8me enfant. Tarifs sp\u00e9ciaux pour les acc\u00e8s aux activit\u00e9s des autres sites (G\u00e9o Andr\u00e9 [&hellip;]<\/p>\n","protected":false},"author":32,"featured_media":0,"parent":0,"menu_order":0,"comment_status":"closed","ping_status":"closed","template":"","meta":{"_acf_changed":false,"_seopress_robots_primary_cat":"","_seopress_titles_title":"","_seopress_titles_desc":"","_seopress_robots_index":"","_et_pb_use_builder":"on","_et_pb_old_content":"<!-- wp:image {\"id\":2655,\"sizeSlug\":\"large\",\"linkDestination\":\"none\"} -->\n<figure class=\"wp-block-image size-large\"><img src=\"https:\/\/www.stadefrancais.com\/faisanderie\/wp-content\/uploads\/sites\/2\/2024\/09\/Acces-Faisanderie-908x1024.jpg\" alt=\"Acces Faisanderie\" class=\"wp-image-2655\"\/><\/figure>\n<!-- \/wp:image -->\n\n<!-- wp:paragraph -->\n<p><strong>Uniquement r\u00e9serv\u00e9 aux membres de La Faisanderie<\/strong><\/p>\n<!-- \/wp:paragraph -->\n\n<!-- wp:paragraph -->\n<p>Football<\/p>\n<!-- \/wp:paragraph -->\n\n<!-- wp:image {\"id\":2657,\"sizeSlug\":\"large\",\"linkDestination\":\"none\"} -->\n<figure class=\"wp-block-image size-large\"><img src=\"https:\/\/www.stadefrancais.com\/faisanderie\/wp-content\/uploads\/sites\/2\/2024\/09\/Football-Faisanderie-1-706x1024.jpg\" alt=\"Football Faisanderie 1\" class=\"wp-image-2657\"\/><\/figure>\n<!-- \/wp:image -->\n\n<!-- wp:paragraph -->\n<p>Tennis <\/p>\n<!-- \/wp:paragraph -->\n\n<!-- wp:image {\"id\":2659,\"sizeSlug\":\"large\",\"linkDestination\":\"none\"} -->\n<figure class=\"wp-block-image size-large\"><img src=\"https:\/\/www.stadefrancais.com\/faisanderie\/wp-content\/uploads\/sites\/2\/2024\/09\/Tennis-Faisanderie-1-952x1024.jpg\" alt=\"Tennis Faisanderie 1\" class=\"wp-image-2659\"\/><\/figure>\n<!-- \/wp:image -->","_et_gb_content_width":"","footnotes":""},"class_list":["post-2652","page","type-page","status-publish","hentry"],"acf":[],"_links":{"self":[{"href":"https:\/\/www.stadefrancais.com\/faisanderie\/wp-json\/wp\/v2\/pages\/2652","targetHints":{"allow":["GET"]}}],"collection":[{"href":"https:\/\/www.stadefrancais.com\/faisanderie\/wp-json\/wp\/v2\/pages"}],"about":[{"href":"https:\/\/www.stadefrancais.com\/faisanderie\/wp-json\/wp\/v2\/types\/page"}],"author":[{"embeddable":true,"href":"https:\/\/www.stadefrancais.com\/faisanderie\/wp-json\/wp\/v2\/users\/32"}],"replies":[{"embeddable":true,"href":"https:\/\/www.stadefrancais.com\/faisanderie\/wp-json\/wp\/v2\/comments?post=2652"}],"version-history":[{"count":15,"href":"https:\/\/www.stadefrancais.com\/faisanderie\/wp-json\/wp\/v2\/pages\/2652\/revisions"}],"predecessor-version":[{"id":2809,"href":"https:\/\/www.stadefrancais.com\/faisanderie\/wp-json\/wp\/v2\/pages\/2652\/revisions\/2809"}],"wp:attachment":[{"href":"https:\/\/www.stadefrancais.com\/faisanderie\/wp-json\/wp\/v2\/media?parent=2652"}],"curies":[{"name":"wp","href":"https:\/\/api.w.org\/{rel}","templated":true}]}}