{"id":2750,"date":"2025-09-11T10:28:10","date_gmt":"2025-09-11T08:28:10","guid":{"rendered":"https:\/\/www.stadefrancais.com\/faisanderie\/?page_id=2750"},"modified":"2025-09-16T16:13:53","modified_gmt":"2025-09-16T14:13:53","slug":"vtt","status":"publish","type":"page","link":"https:\/\/www.stadefrancais.com\/faisanderie\/vtt\/","title":{"rendered":"VTT"},"content":{"rendered":"<p>[et_pb_section fb_built=\u00a0\u00bb1&Prime; module_class=\u00a0\u00bbsection-full-height gradient\u00a0\u00bb _builder_version=\u00a0\u00bb4.27.4&Prime; _module_preset=\u00a0\u00bbdefault\u00a0\u00bb background_image=\u00a0\u00bbhttps:\/\/www.stadefrancais.com\/faisanderie\/wp-content\/uploads\/sites\/2\/2025\/09\/depositphotos_11633333-stock-photo-children-on-bikes1.jpg\u00a0\u00bb global_colors_info=\u00a0\u00bb{}\u00a0\u00bb][et_pb_row make_equal=\u00a0\u00bbon\u00a0\u00bb module_class=\u00a0\u00bbvertical-align-middle\u00a0\u00bb _builder_version=\u00a0\u00bb4.18.0&Prime; _module_preset=\u00a0\u00bbdefault\u00a0\u00bb height=\u00a0\u00bb100%\u00a0\u00bb global_colors_info=\u00a0\u00bb{}\u00a0\u00bb][et_pb_column type=\u00a0\u00bb4_4&Prime; _builder_version=\u00a0\u00bb4.18.0&Prime; _module_preset=\u00a0\u00bbdefault\u00a0\u00bb global_colors_info=\u00a0\u00bb{}\u00a0\u00bb][et_pb_text admin_label=\u00a0\u00bbTitre du site\u00a0\u00bb _builder_version=\u00a0\u00bb4.27.4&Prime; _module_preset=\u00a0\u00bbdefault\u00a0\u00bb header_font=\u00a0\u00bb|800||on|||||\u00a0\u00bb header_text_align=\u00a0\u00bbcenter\u00a0\u00bb header_text_color=\u00a0\u00bb#FFFFFF\u00a0\u00bb header_font_size=\u00a0\u00bb42px\u00a0\u00bb custom_margin=\u00a0\u00bb0px||0px||true|false\u00a0\u00bb custom_padding=\u00a0\u00bb0px||0px||true|false\u00a0\u00bb animation_style=\u00a0\u00bbfade\u00a0\u00bb animation_duration=\u00a0\u00bb800ms\u00a0\u00bb header_text_shadow_style=\u00a0\u00bbpreset1&Prime; header_text_shadow_vertical_length=\u00a0\u00bb0.02em\u00a0\u00bb global_colors_info=\u00a0\u00bb{}\u00a0\u00bb]<\/p>\n<h1>VTT<\/h1>\n<p>[\/et_pb_text][et_pb_text admin_label=\u00a0\u00bbDescription du site\u00a0\u00bb _builder_version=\u00a0\u00bb4.27.4&Prime; _module_preset=\u00a0\u00bbdefault\u00a0\u00bb header_2_font=\u00a0\u00bb|300|||||||\u00a0\u00bb header_2_text_align=\u00a0\u00bbcenter\u00a0\u00bb header_2_text_color=\u00a0\u00bb#FFFFFF\u00a0\u00bb header_2_font_size=\u00a0\u00bb18px\u00a0\u00bb animation_style=\u00a0\u00bbfade\u00a0\u00bb animation_duration=\u00a0\u00bb800ms\u00a0\u00bb animation_delay=\u00a0\u00bb250ms\u00a0\u00bb global_colors_info=\u00a0\u00bb{}\u00a0\u00bb]<\/p>\n<h2><strong>Nouvelle activit\u00e9 sportive<\/strong>\u00a0sp\u00e9cialement con\u00e7ue pour les enfants de<span>\u00a0<\/span><strong>6 \u00e0 12 ans<\/strong>.<\/h2>\n<p>[\/et_pb_text][et_pb_icon font_icon=\u00a0\u00bb&#x3b;||divi||400&Prime; icon_color=\u00a0\u00bb#FFFFFF\u00a0\u00bb icon_width=\u00a0\u00bb55px\u00a0\u00bb title_text=\u00a0\u00bbAcc\u00e9der au contenu\u00a0\u00bb icon_width_tablet=\u00a0\u00bb40px\u00a0\u00bb icon_width_phone=\u00a0\u00bb40px\u00a0\u00bb icon_width_last_edited=\u00a0\u00bbon|phone\u00a0\u00bb module_class=\u00a0\u00bbscroll-to\u00a0\u00bb _builder_version=\u00a0\u00bb4.18.0&Prime; _module_preset=\u00a0\u00bbdefault\u00a0\u00bb positioning=\u00a0\u00bbabsolute\u00a0\u00bb position_origin_a=\u00a0\u00bbbottom_center\u00a0\u00bb vertical_offset=\u00a0\u00bb60px\u00a0\u00bb vertical_offset_tablet=\u00a0\u00bb80px\u00a0\u00bb vertical_offset_phone=\u00a0\u00bb80px\u00a0\u00bb vertical_offset_last_edited=\u00a0\u00bbon|phone\u00a0\u00bb animation_style=\u00a0\u00bbfade\u00a0\u00bb animation_duration=\u00a0\u00bb800ms\u00a0\u00bb animation_delay=\u00a0\u00bb500ms\u00a0\u00bb locked=\u00a0\u00bboff\u00a0\u00bb global_colors_info=\u00a0\u00bb{}\u00a0\u00bb][\/et_pb_icon][\/et_pb_column][\/et_pb_row][\/et_pb_section][et_pb_section fb_built=\u00a0\u00bb1&Prime; disabled_on=\u00a0\u00bboff|off|off\u00a0\u00bb _builder_version=\u00a0\u00bb4.18.1&Prime; _module_preset=\u00a0\u00bbdefault\u00a0\u00bb transform_scale_tablet=\u00a0\u00bb\u00a0\u00bb transform_scale_phone=\u00a0\u00bb\u00a0\u00bb transform_scale_last_edited=\u00a0\u00bbon|tablet\u00a0\u00bb transform_scale_linked_tablet=\u00a0\u00bboff\u00a0\u00bb transform_translate_tablet=\u00a0\u00bb0px|-32px\u00a0\u00bb transform_translate_phone=\u00a0\u00bb0px|-32px\u00a0\u00bb transform_translate_last_edited=\u00a0\u00bbon|phone\u00a0\u00bb transform_translate_linked=\u00a0\u00bboff\u00a0\u00bb transform_rotate_tablet=\u00a0\u00bb\u00a0\u00bb transform_rotate_phone=\u00a0\u00bb\u00a0\u00bb transform_rotate_last_edited=\u00a0\u00bbon|desktop\u00a0\u00bb transform_skew_tablet=\u00a0\u00bb\u00a0\u00bb transform_skew_phone=\u00a0\u00bb\u00a0\u00bb transform_skew_last_edited=\u00a0\u00bbon|desktop\u00a0\u00bb transform_origin_tablet=\u00a0\u00bb\u00a0\u00bb transform_origin_phone=\u00a0\u00bb\u00a0\u00bb transform_origin_last_edited=\u00a0\u00bbon|desktop\u00a0\u00bb transform_styles_last_edited=\u00a0\u00bbon|phone\u00a0\u00bb custom_padding=\u00a0\u00bb30px||30px||true|false\u00a0\u00bb sticky_position=\u00a0\u00bbtop\u00a0\u00bb sticky_offset_top=\u00a0\u00bb132px\u00a0\u00bb sticky_limit_bottom=\u00a0\u00bbbody\u00a0\u00bb sticky_offset_surrounding=\u00a0\u00bboff\u00a0\u00bb transform_styles_tablet=\u00a0\u00bb\u00a0\u00bb transform_styles_phone=\u00a0\u00bb\u00a0\u00bb sticky_offset_top_tablet=\u00a0\u00bb132px\u00a0\u00bb sticky_offset_top_phone=\u00a0\u00bb168px\u00a0\u00bb sticky_offset_top_last_edited=\u00a0\u00bbon|phone\u00a0\u00bb locked=\u00a0\u00bboff\u00a0\u00bb global_colors_info=\u00a0\u00bb{}\u00a0\u00bb transform_styles__sticky_enabled=\u00a0\u00bbon|desktop\u00a0\u00bb transform_scale__sticky_enabled=\u00a0\u00bbon|desktop\u00a0\u00bb transform_translate__sticky_enabled=\u00a0\u00bbon|desktop\u00a0\u00bb transform_rotate__sticky_enabled=\u00a0\u00bbon|desktop\u00a0\u00bb transform_skew__sticky_enabled=\u00a0\u00bbon|desktop\u00a0\u00bb transform_origin__sticky_enabled=\u00a0\u00bbon|desktop\u00a0\u00bb][et_pb_row _builder_version=\u00a0\u00bb4.18.0&Prime; _module_preset=\u00a0\u00bbdefault\u00a0\u00bb global_colors_info=\u00a0\u00bb{}\u00a0\u00bb][et_pb_column type=\u00a0\u00bb4_4&Prime; _builder_version=\u00a0\u00bb4.18.0&Prime; _module_preset=\u00a0\u00bbdefault\u00a0\u00bb global_colors_info=\u00a0\u00bb{}\u00a0\u00bb][et_pb_menu menu_id=\u00a0\u00bb12&Prime; menu_style=\u00a0\u00bbcentered\u00a0\u00bb module_class=\u00a0\u00bbmenu-scrollable\u00a0\u00bb _builder_version=\u00a0\u00bb4.18.0&Prime; _module_preset=\u00a0\u00bbdefault\u00a0\u00bb menu_text_color=\u00a0\u00bb#000000&Prime; global_colors_info=\u00a0\u00bb{}\u00a0\u00bb][\/et_pb_menu][\/et_pb_column][\/et_pb_row][\/et_pb_section][et_pb_section fb_built=\u00a0\u00bb1&Prime; _builder_version=\u00a0\u00bb4.18.0&Prime; _module_preset=\u00a0\u00bbdefault\u00a0\u00bb custom_padding=\u00a0\u00bb60px||60px||true|false\u00a0\u00bb global_colors_info=\u00a0\u00bb{}\u00a0\u00bb][et_pb_row column_structure=\u00a0\u00bb1_2,1_2&Prime; use_custom_gutter=\u00a0\u00bbon\u00a0\u00bb gutter_width=\u00a0\u00bb3&Prime; _builder_version=\u00a0\u00bb4.27.4&Prime; _module_preset=\u00a0\u00bbdefault\u00a0\u00bb global_colors_info=\u00a0\u00bb{}\u00a0\u00bb][et_pb_column type=\u00a0\u00bb1_2&Prime; _builder_version=\u00a0\u00bb4.18.0&Prime; _module_preset=\u00a0\u00bbdefault\u00a0\u00bb global_colors_info=\u00a0\u00bb{}\u00a0\u00bb][et_pb_text _builder_version=\u00a0\u00bb4.27.4&Prime; _module_preset=\u00a0\u00bb284c5185-febb-4f1d-8d36-2c1c6801f66a\u00a0\u00bb global_colors_info=\u00a0\u00bb{}\u00a0\u00bb]<\/p>\n<h3>VTT<\/h3>\n<p>[\/et_pb_text][et_pb_text _builder_version=\u00a0\u00bb4.27.4&Prime; _module_preset=\u00a0\u00bbdefault\u00a0\u00bb global_colors_info=\u00a0\u00bb{}\u00a0\u00bb]<\/p>\n<div class=\"sc_item_descr sc_title_descr sc_align_left\">\n<p>La Faisanderie propose d\u00e8s la rentr\u00e9e une<span>\u00a0<\/span><strong>nouvelle activit\u00e9 sportive<\/strong>\u00a0sp\u00e9cialement con\u00e7ue pour les enfants de<span>\u00a0<\/span><strong>6 \u00e0 12 ans<\/strong>.<br \/>Au programme : d\u00e9couverte, sport, convivialit\u00e9 et plaisir de p\u00e9daler dans un cadre s\u00e9curis\u00e9 et encadr\u00e9 par nos \u00e9ducateurs.<\/p>\n<p>Cette activit\u00e9 est ouverte \u00e0 tous les enfants, qu\u2019ils soient jeunes pratiquants ou d\u00e9j\u00e0 passionn\u00e9s !<\/p>\n<p>&nbsp;<\/p>\n<h2 class=\"wp-block-heading\">Modalit\u00e9s d\u2019inscription<\/h2>\n<p>Avoir entre 6 et 12 ans, savoir se d\u00e9brouiller \u00e0 v\u00e9lo en terrain vari\u00e9 !<\/p>\n<p>Vous avez la possibilit\u00e9 de louer un v\u00e9lo et un casque directement sur place.<\/p>\n<p>*limit\u00e9 \u00e0 10 enfants par cr\u00e9neaux<\/p>\n<p>Le port du casque obligatoire et la tenue doit \u00eatre adapt\u00e9e \u00e0 la pratique et \u00e0 la m\u00e9t\u00e9o !<\/p>\n<p>Lien d&rsquo;inscription : <a href=\"https:\/\/www.helloasso.com\/associations\/stade-francais\/adhesions\/inscription-vtt\">https:\/\/www.helloasso.com\/associations\/stade-francais\/adhesions\/inscription-vtt<\/a><\/p>\n<h2 class=\"wp-block-heading\">Horaires<\/h2>\n<p>Tous les samedis de :<\/p>\n<ul class=\"wp-block-list\">\n<li>14h pour les 6-9 ans<\/li>\n<\/ul>\n<ul class=\"wp-block-list\">\n<li>15h30 pour les 10-12 ans<\/li>\n<\/ul>\n<p>Lieu de rdv : \u00e0 c\u00f4t\u00e9 du lavoir \u2013 cot\u00e9 All\u00e9e de Monsieur dans la Faisanderie<\/p>\n<p>Encadrant : Nathan<\/p>\n<h2 class=\"wp-block-heading\">Tarifs<\/h2>\n<p>Adh\u00e9sion :<\/p>\n<ul>\n<li>Licence FFCO : <strong>7\u20ac <\/strong>obligatoire<\/li>\n<li>Carnet de 10 s\u00e9ances (1h30) :<strong> 150\u20ac<\/strong> licence non-incluse<\/li>\n<\/ul>\n<p>Location (v\u00e9lo et casque) :<\/p>\n<ul>\n<li><strong>10\u20ac<\/strong> par s\u00e9ance<\/li>\n<li><strong>100 \u20ac<\/strong> pour 10 s\u00e9ances<\/li>\n<\/ul>\n<p>&nbsp;<\/p>\n<\/div>\n<p>[\/et_pb_text][\/et_pb_column][et_pb_column type=\u00a0\u00bb1_2&Prime; _builder_version=\u00a0\u00bb4.18.0&Prime; _module_preset=\u00a0\u00bbdefault\u00a0\u00bb animation_style=\u00a0\u00bbslide\u00a0\u00bb animation_direction=\u00a0\u00bbbottom\u00a0\u00bb animation_duration=\u00a0\u00bb800ms\u00a0\u00bb global_colors_info=\u00a0\u00bb{}\u00a0\u00bb][et_pb_image src=\u00a0\u00bbhttps:\/\/www.stadefrancais.com\/faisanderie\/wp-content\/uploads\/sites\/2\/2025\/09\/equipement-vtt-velo-enfant1.webp\u00a0\u00bb alt=\u00a0\u00bbEquipement Vtt Velo Enfant%911%93&Prime; title_text=\u00a0\u00bbEquipement Vtt Velo Enfant%911%93&Prime; _builder_version=\u00a0\u00bb4.27.4&Prime; _module_preset=\u00a0\u00bbdefault\u00a0\u00bb custom_margin_tablet=\u00a0\u00bb60px||||false|false\u00a0\u00bb custom_margin_phone=\u00a0\u00bb60px||||false|false\u00a0\u00bb custom_margin_last_edited=\u00a0\u00bbon|phone\u00a0\u00bb global_colors_info=\u00a0\u00bb{}\u00a0\u00bb][\/et_pb_image][\/et_pb_column][\/et_pb_row][\/et_pb_section]<\/p>\n","protected":false},"excerpt":{"rendered":"<p>VTTNouvelle activit\u00e9 sportive\u00a0sp\u00e9cialement con\u00e7ue pour les enfants de\u00a06 \u00e0 12 ans.VTT La Faisanderie propose d\u00e8s la rentr\u00e9e une\u00a0nouvelle activit\u00e9 sportive\u00a0sp\u00e9cialement con\u00e7ue pour les enfants de\u00a06 \u00e0 12 ans.Au programme : d\u00e9couverte, sport, convivialit\u00e9 et plaisir de p\u00e9daler dans un cadre s\u00e9curis\u00e9 et encadr\u00e9 par nos \u00e9ducateurs. Cette activit\u00e9 est ouverte \u00e0 tous les enfants, qu\u2019ils [&hellip;]<\/p>\n","protected":false},"author":32,"featured_media":0,"parent":0,"menu_order":0,"comment_status":"closed","ping_status":"closed","template":"","meta":{"_acf_changed":false,"_seopress_robots_primary_cat":"","_seopress_titles_title":"","_seopress_titles_desc":"","_seopress_robots_index":"","_et_pb_use_builder":"on","_et_pb_old_content":"<!-- wp:image {\"id\":2757,\"width\":\"341px\",\"height\":\"auto\",\"sizeSlug\":\"large\",\"linkDestination\":\"none\"} -->\n<figure class=\"wp-block-image size-large is-resized\"><img src=\"https:\/\/www.stadefrancais.com\/faisanderie\/wp-content\/uploads\/sites\/2\/2025\/09\/Affiche_VTT_11-724x1024.png\" alt=\"Affiche Vtt (1)[1]\" class=\"wp-image-2757\" style=\"width:341px;height:auto\"\/><\/figure>\n<!-- \/wp:image -->\n\n<!-- wp:paragraph -->\n<p>La Faisanderie propose d\u00e8s la rentr\u00e9e une <strong>nouvelle activit\u00e9 sportive<\/strong>&nbsp;sp\u00e9cialement con\u00e7ue pour les enfants de <strong>6 \u00e0 12 ans<\/strong>.<br>Au programme : d\u00e9couverte, sport, convivialit\u00e9 et plaisir de p\u00e9daler dans un cadre s\u00e9curis\u00e9 et encadr\u00e9 par nos \u00e9ducateurs.<\/p>\n<!-- \/wp:paragraph -->\n\n<!-- wp:paragraph -->\n<p>Cette activit\u00e9 est ouverte \u00e0 tous les enfants, qu\u2019ils soient jeunes pratiquants ou d\u00e9j\u00e0 passionn\u00e9s ! <\/p>\n<!-- \/wp:paragraph -->\n\n<!-- wp:paragraph -->\n<p><strong>13 SEPTEMBRE : LANCEMENT ACTIVITE VTT = SEANCE DECOUVERTE GRATUITE&nbsp;<\/strong><\/p>\n<!-- \/wp:paragraph -->\n\n<!-- wp:image {\"id\":2754,\"sizeSlug\":\"full\",\"linkDestination\":\"none\"} -->\n<figure class=\"wp-block-image size-full\"><img src=\"https:\/\/www.stadefrancais.com\/faisanderie\/wp-content\/uploads\/sites\/2\/2025\/09\/equipement-vtt-velo-enfant1.webp\" alt=\"Equipement Vtt Velo Enfant[1]\" class=\"wp-image-2754\"\/><\/figure>\n<!-- \/wp:image -->\n\n<!-- wp:heading -->\n<h2 class=\"wp-block-heading\">Modalit\u00e9s d'inscription <\/h2>\n<!-- \/wp:heading -->\n\n<!-- wp:paragraph -->\n<p> Avoir entre 6 et 12 ans, savoir se d\u00e9brouiller \u00e0 v\u00e9lo en terrain vari\u00e9 !<\/p>\n<!-- \/wp:paragraph -->\n\n<!-- wp:paragraph -->\n<p>Vous avez la possibilit\u00e9 de louer un v\u00e9lo et un casque directement sur place. <\/p>\n<!-- \/wp:paragraph -->\n\n<!-- wp:paragraph -->\n<p>*limit\u00e9 \u00e0 10 enfants par cr\u00e9neaux&nbsp;<\/p>\n<!-- \/wp:paragraph -->\n\n<!-- wp:paragraph -->\n<p>Le port du casque obligatoire et la tenue doit \u00eatre adapt\u00e9e \u00e0 la pratique et \u00e0 la m\u00e9t\u00e9o ! <\/p>\n<!-- \/wp:paragraph -->\n\n<!-- wp:heading -->\n<h2 class=\"wp-block-heading\">Horaires<\/h2>\n<!-- \/wp:heading -->\n\n<!-- wp:list -->\n<ul class=\"wp-block-list\"><!-- wp:list-item -->\n<li>14h pour les 6-9 ans&nbsp;<\/li>\n<!-- \/wp:list-item --><\/ul>\n<!-- \/wp:list -->\n\n<!-- wp:list -->\n<ul class=\"wp-block-list\"><!-- wp:list-item -->\n<li>15h30 pour les 10-12 ans&nbsp;<\/li>\n<!-- \/wp:list-item --><\/ul>\n<!-- \/wp:list -->\n\n<!-- wp:paragraph -->\n<p>Lieu de rdv : \u00e0 c\u00f4t\u00e9 du lavoir - cot\u00e9 All\u00e9e de Monsieur dans la Faisanderie <\/p>\n<!-- \/wp:paragraph -->\n\n<!-- wp:paragraph -->\n<p>Encadrant : Nathan&nbsp;<\/p>\n<!-- \/wp:paragraph -->\n\n<!-- wp:heading -->\n<h2 class=\"wp-block-heading\">Tarifs<\/h2>\n<!-- \/wp:heading -->\n\n<!-- wp:paragraph -->\n<p><\/p>\n<!-- \/wp:paragraph -->\n\n<!-- wp:list -->\n<ul class=\"wp-block-list\"><!-- wp:list-item -->\n<li>Licence FFCO obligatoire : 7<strong>&nbsp;\u20ac<\/strong><\/li>\n<!-- \/wp:list-item -->\n\n<!-- wp:list-item -->\n<li>Carnet de 10 s\u00e9ances (1h30) : <strong>150 \u20ac<\/strong>&nbsp;(+ 100 \u20ac pour la location v\u00e9lo + casque), licences comprises&nbsp;<\/li>\n<!-- \/wp:list-item -->\n\n<!-- wp:list-item -->\n<li>Adh\u00e9sion \u00e0 l\u2019ann\u00e9e (34 s\u00e9ances, du 20 septembre au 4 juin) : 490<strong>&nbsp;\u20ac<\/strong>&nbsp;(+ 235 \u20ac pour la location v\u00e9lo + casque), licences comprises&nbsp;<\/li>\n<!-- \/wp:list-item --><\/ul>\n<!-- \/wp:list -->\n\n<!-- wp:image {\"id\":2756,\"sizeSlug\":\"full\",\"linkDestination\":\"none\"} -->\n<figure class=\"wp-block-image size-full\"><img src=\"https:\/\/www.stadefrancais.com\/faisanderie\/wp-content\/uploads\/sites\/2\/2025\/09\/depositphotos_11633333-stock-photo-children-on-bikes1.jpg\" alt=\"Depositphotos 11633333 Stock Photo Children On Bikes[1]\" class=\"wp-image-2756\"\/><\/figure>\n<!-- \/wp:image -->","_et_gb_content_width":"","footnotes":""},"class_list":["post-2750","page","type-page","status-publish","hentry"],"acf":[],"_links":{"self":[{"href":"https:\/\/www.stadefrancais.com\/faisanderie\/wp-json\/wp\/v2\/pages\/2750","targetHints":{"allow":["GET"]}}],"collection":[{"href":"https:\/\/www.stadefrancais.com\/faisanderie\/wp-json\/wp\/v2\/pages"}],"about":[{"href":"https:\/\/www.stadefrancais.com\/faisanderie\/wp-json\/wp\/v2\/types\/page"}],"author":[{"embeddable":true,"href":"https:\/\/www.stadefrancais.com\/faisanderie\/wp-json\/wp\/v2\/users\/32"}],"replies":[{"embeddable":true,"href":"https:\/\/www.stadefrancais.com\/faisanderie\/wp-json\/wp\/v2\/comments?post=2750"}],"version-history":[{"count":14,"href":"https:\/\/www.stadefrancais.com\/faisanderie\/wp-json\/wp\/v2\/pages\/2750\/revisions"}],"predecessor-version":[{"id":2784,"href":"https:\/\/www.stadefrancais.com\/faisanderie\/wp-json\/wp\/v2\/pages\/2750\/revisions\/2784"}],"wp:attachment":[{"href":"https:\/\/www.stadefrancais.com\/faisanderie\/wp-json\/wp\/v2\/media?parent=2750"}],"curies":[{"name":"wp","href":"https:\/\/api.w.org\/{rel}","templated":true}]}}