{"id":1057,"date":"2024-09-11T11:17:40","date_gmt":"2024-09-11T09:17:40","guid":{"rendered":"https:\/\/www.stadefrancais.com\/geo-andre\/?page_id=1057"},"modified":"2025-06-11T18:14:42","modified_gmt":"2025-06-11T16:14:42","slug":"tarifs","status":"publish","type":"page","link":"https:\/\/www.stadefrancais.com\/geo-andre\/tarifs\/","title":{"rendered":"Tarifs"},"content":{"rendered":"[et_pb_section fb_built=\u00a0\u00bb1&Prime; module_class=\u00a0\u00bbsection-full-height gradient\u00a0\u00bb _builder_version=\u00a0\u00bb4.18.1&Prime; _module_preset=\u00a0\u00bbdefault\u00a0\u00bb background_image=\u00a0\u00bbhttps:\/\/www.stadefrancais.com\/geo-andre\/wp-content\/uploads\/sites\/4\/2022\/10\/SF-2019_06-0859.jpg\u00a0\u00bb global_colors_info=\u00a0\u00bb{}\u00a0\u00bb][et_pb_row make_equal=\u00a0\u00bbon\u00a0\u00bb module_class=\u00a0\u00bbvertical-align-middle\u00a0\u00bb _builder_version=\u00a0\u00bb4.18.0&Prime; _module_preset=\u00a0\u00bbdefault\u00a0\u00bb height=\u00a0\u00bb100%\u00a0\u00bb global_colors_info=\u00a0\u00bb{}\u00a0\u00bb][et_pb_column type=\u00a0\u00bb4_4&Prime; _builder_version=\u00a0\u00bb4.18.0&Prime; _module_preset=\u00a0\u00bbdefault\u00a0\u00bb global_colors_info=\u00a0\u00bb{}\u00a0\u00bb][et_pb_text admin_label=\u00a0\u00bbTitre du site\u00a0\u00bb _builder_version=\u00a0\u00bb4.25.2&Prime; _module_preset=\u00a0\u00bbdefault\u00a0\u00bb header_font=\u00a0\u00bb|800||on|||||\u00a0\u00bb header_text_align=\u00a0\u00bbcenter\u00a0\u00bb header_text_color=\u00a0\u00bb#FFFFFF\u00a0\u00bb header_font_size=\u00a0\u00bb42px\u00a0\u00bb custom_margin=\u00a0\u00bb0px||0px||true|false\u00a0\u00bb custom_padding=\u00a0\u00bb0px||0px||true|false\u00a0\u00bb header_text_shadow_style=\u00a0\u00bbpreset1&Prime; header_text_shadow_vertical_length=\u00a0\u00bb0.02em\u00a0\u00bb global_colors_info=\u00a0\u00bb{}\u00a0\u00bb]<h1>Tarifs<\/h1>[\/et_pb_text][et_pb_text admin_label=\u00a0\u00bbDescription du site\u00a0\u00bb _builder_version=\u00a0\u00bb4.25.2&Prime; _module_preset=\u00a0\u00bbdefault\u00a0\u00bb header_2_font=\u00a0\u00bb|300|||||||\u00a0\u00bb header_2_text_align=\u00a0\u00bbcenter\u00a0\u00bb header_2_text_color=\u00a0\u00bb#FFFFFF\u00a0\u00bb header_2_font_size=\u00a0\u00bb18px\u00a0\u00bb global_colors_info=\u00a0\u00bb{}\u00a0\u00bb]<h2>Retrouvez les tarifs de G\u00e9o Andr\u00e9<\/h2>[\/et_pb_text][et_pb_icon font_icon=\u00a0\u00bb&#x3b;||divi||400&Prime; icon_color=\u00a0\u00bb#FFFFFF\u00a0\u00bb icon_width=\u00a0\u00bb55px\u00a0\u00bb title_text=\u00a0\u00bbAcc\u00e9der au contenu\u00a0\u00bb icon_width_tablet=\u00a0\u00bb40px\u00a0\u00bb icon_width_phone=\u00a0\u00bb40px\u00a0\u00bb icon_width_last_edited=\u00a0\u00bbon|phone\u00a0\u00bb module_class=\u00a0\u00bbscroll-to\u00a0\u00bb _builder_version=\u00a0\u00bb4.18.0&Prime; _module_preset=\u00a0\u00bbdefault\u00a0\u00bb positioning=\u00a0\u00bbabsolute\u00a0\u00bb position_origin_a=\u00a0\u00bbbottom_center\u00a0\u00bb vertical_offset=\u00a0\u00bb60px\u00a0\u00bb vertical_offset_tablet=\u00a0\u00bb80px\u00a0\u00bb vertical_offset_phone=\u00a0\u00bb80px\u00a0\u00bb vertical_offset_last_edited=\u00a0\u00bbon|phone\u00a0\u00bb animation_style=\u00a0\u00bbfade\u00a0\u00bb animation_duration=\u00a0\u00bb800ms\u00a0\u00bb animation_delay=\u00a0\u00bb500ms\u00a0\u00bb locked=\u00a0\u00bboff\u00a0\u00bb global_colors_info=\u00a0\u00bb{}\u00a0\u00bb][\/et_pb_icon][\/et_pb_column][\/et_pb_row][\/et_pb_section][et_pb_section fb_built=\u00a0\u00bb1&Prime; disabled_on=\u00a0\u00bboff|off|off\u00a0\u00bb _builder_version=\u00a0\u00bb4.18.1&Prime; _module_preset=\u00a0\u00bbdefault\u00a0\u00bb transform_scale_tablet=\u00a0\u00bb\u00a0\u00bb transform_scale_phone=\u00a0\u00bb\u00a0\u00bb transform_scale_last_edited=\u00a0\u00bbon|tablet\u00a0\u00bb transform_scale_linked_tablet=\u00a0\u00bboff\u00a0\u00bb transform_translate_tablet=\u00a0\u00bb0px|-32px\u00a0\u00bb transform_translate_phone=\u00a0\u00bb0px|-32px\u00a0\u00bb transform_translate_last_edited=\u00a0\u00bbon|phone\u00a0\u00bb transform_translate_linked=\u00a0\u00bboff\u00a0\u00bb transform_rotate_tablet=\u00a0\u00bb\u00a0\u00bb transform_rotate_phone=\u00a0\u00bb\u00a0\u00bb transform_rotate_last_edited=\u00a0\u00bbon|desktop\u00a0\u00bb transform_skew_tablet=\u00a0\u00bb\u00a0\u00bb transform_skew_phone=\u00a0\u00bb\u00a0\u00bb transform_skew_last_edited=\u00a0\u00bbon|desktop\u00a0\u00bb transform_origin_tablet=\u00a0\u00bb\u00a0\u00bb transform_origin_phone=\u00a0\u00bb\u00a0\u00bb transform_origin_last_edited=\u00a0\u00bbon|desktop\u00a0\u00bb transform_styles_last_edited=\u00a0\u00bbon|phone\u00a0\u00bb custom_padding=\u00a0\u00bb30px||30px||true|false\u00a0\u00bb sticky_position=\u00a0\u00bbtop\u00a0\u00bb sticky_offset_top=\u00a0\u00bb132px\u00a0\u00bb sticky_limit_bottom=\u00a0\u00bbbody\u00a0\u00bb sticky_offset_surrounding=\u00a0\u00bboff\u00a0\u00bb transform_styles_tablet=\u00a0\u00bb\u00a0\u00bb transform_styles_phone=\u00a0\u00bb\u00a0\u00bb sticky_offset_top_tablet=\u00a0\u00bb132px\u00a0\u00bb sticky_offset_top_phone=\u00a0\u00bb168px\u00a0\u00bb sticky_offset_top_last_edited=\u00a0\u00bbon|phone\u00a0\u00bb locked=\u00a0\u00bboff\u00a0\u00bb global_colors_info=\u00a0\u00bb{}\u00a0\u00bb transform_styles__sticky_enabled=\u00a0\u00bbon|desktop\u00a0\u00bb transform_scale__sticky_enabled=\u00a0\u00bbon|desktop\u00a0\u00bb transform_translate__sticky_enabled=\u00a0\u00bbon|desktop\u00a0\u00bb transform_rotate__sticky_enabled=\u00a0\u00bbon|desktop\u00a0\u00bb transform_skew__sticky_enabled=\u00a0\u00bbon|desktop\u00a0\u00bb transform_origin__sticky_enabled=\u00a0\u00bbon|desktop\u00a0\u00bb][et_pb_row _builder_version=\u00a0\u00bb4.18.0&Prime; _module_preset=\u00a0\u00bbdefault\u00a0\u00bb global_colors_info=\u00a0\u00bb{}\u00a0\u00bb][et_pb_column type=\u00a0\u00bb4_4&Prime; _builder_version=\u00a0\u00bb4.18.0&Prime; _module_preset=\u00a0\u00bbdefault\u00a0\u00bb global_colors_info=\u00a0\u00bb{}\u00a0\u00bb][et_pb_menu menu_id=\u00a0\u00bb12&Prime; menu_style=\u00a0\u00bbcentered\u00a0\u00bb module_class=\u00a0\u00bbmenu-scrollable\u00a0\u00bb _builder_version=\u00a0\u00bb4.18.0&Prime; _module_preset=\u00a0\u00bbdefault\u00a0\u00bb menu_text_color=\u00a0\u00bb#000000&Prime; global_colors_info=\u00a0\u00bb{}\u00a0\u00bb][\/et_pb_menu][\/et_pb_column][\/et_pb_row][\/et_pb_section][et_pb_section fb_built=\u00a0\u00bb1&Prime; admin_label=\u00a0\u00bbsection\u00a0\u00bb _builder_version=\u00a0\u00bb4.25.2&Prime; custom_margin=\u00a0\u00bb||60px||false|false\u00a0\u00bb locked=\u00a0\u00bboff\u00a0\u00bb global_colors_info=\u00a0\u00bb{}\u00a0\u00bb][et_pb_row column_structure=\u00a0\u00bb1_2,1_2&Prime; admin_label=\u00a0\u00bbrow\u00a0\u00bb _builder_version=\u00a0\u00bb4.16&Prime; background_size=\u00a0\u00bbinitial\u00a0\u00bb background_position=\u00a0\u00bbtop_left\u00a0\u00bb background_repeat=\u00a0\u00bbrepeat\u00a0\u00bb global_colors_info=\u00a0\u00bb{}\u00a0\u00bb][et_pb_column type=\u00a0\u00bb1_2&Prime; _builder_version=\u00a0\u00bb4.16&Prime; custom_padding=\u00a0\u00bb|||\u00a0\u00bb global_colors_info=\u00a0\u00bb{}\u00a0\u00bb custom_padding__hover=\u00a0\u00bb|||\u00a0\u00bb][et_pb_text admin_label=\u00a0\u00bbText\u00a0\u00bb _builder_version=\u00a0\u00bb4.25.2&Prime; background_size=\u00a0\u00bbinitial\u00a0\u00bb background_position=\u00a0\u00bbtop_left\u00a0\u00bb background_repeat=\u00a0\u00bbrepeat\u00a0\u00bb width=\u00a0\u00bb95.9%\u00a0\u00bb hover_enabled=\u00a0\u00bb0&Prime; global_colors_info=\u00a0\u00bb{}\u00a0\u00bb sticky_enabled=\u00a0\u00bb0&Prime;]<p><\/p>\n<h3>Pratique libre<\/h3>\n<p>L\u2019adh\u00e9sion au site permet la r\u00e9servation des terrains de squash et tennis, l\u2019acc\u00e8s au cours de fitness et \u00e0 la salle de musculation pour les plus de 16 ans.<\/p>\n<p>Pour les cours collectifs de squash et tennis, consulter les pages des sections sur la brochure (<a href=\"file:\/\/\/C:\/Users\/lohan\/OneDrive\/Documents\/2024-2025\/Stade%20Fran%C3%A7ais\/Brochure%20sections%2027_08_2024_compressed.pdf\">en cliquant sur ce lien <\/a>ou en vous rendant directement sur la page de la section tennis ou la section squash), pour les cours particuliers se renseigner aux accueils.<\/p>\n<p><img decoding=\"async\" src=\"https:\/\/www.stadefrancais.com\/geo-andre\/wp-content\/uploads\/sites\/4\/2024\/09\/Tarifs-Squash-Tennis-300x160.png\" width=\"531\" height=\"283\" alt=\"Tarifs Squash Tennis\" class=\"wp-image-1079 alignnone size-medium\" srcset=\"https:\/\/www.stadefrancais.com\/geo-andre\/wp-content\/uploads\/sites\/4\/2024\/09\/Tarifs-Squash-Tennis-300x160.png 300w, https:\/\/www.stadefrancais.com\/geo-andre\/wp-content\/uploads\/sites\/4\/2024\/09\/Tarifs-Squash-Tennis-768x409.png 768w, https:\/\/www.stadefrancais.com\/geo-andre\/wp-content\/uploads\/sites\/4\/2024\/09\/Tarifs-Squash-Tennis-281x150.png 281w, https:\/\/www.stadefrancais.com\/geo-andre\/wp-content\/uploads\/sites\/4\/2024\/09\/Tarifs-Squash-Tennis.png 801w\" sizes=\"(max-width: 531px) 100vw, 531px\" \/><\/p>\n<p>*Cotisation forme offerte aux membres Faisanderie, tarif sp\u00e9cial Faisanderie\/G\u00e9o tennis.<\/p>\n<p>** Il existe des tarifs sp\u00e9ciaux pour les Stadistes des autres sites et sections.<\/p>\n<p><\/p>\n<p><\/p>\n<p><\/p>\n<p><\/p>\n<p><\/p>\n<p><\/p>\n<p><\/p>[\/et_pb_text][\/et_pb_column][et_pb_column type=\u00a0\u00bb1_2&Prime; _builder_version=\u00a0\u00bb4.16&Prime; custom_padding=\u00a0\u00bb|||\u00a0\u00bb global_colors_info=\u00a0\u00bb{}\u00a0\u00bb custom_padding__hover=\u00a0\u00bb|||\u00a0\u00bb][et_pb_text _builder_version=\u00a0\u00bb4.27.4&Prime; _module_preset=\u00a0\u00bbdefault\u00a0\u00bb hover_enabled=\u00a0\u00bb0&Prime; global_colors_info=\u00a0\u00bb{}\u00a0\u00bb sticky_enabled=\u00a0\u00bb0&Prime;]<h3><strong><\/strong><\/h3>\n<h3><strong style=\"font-size: 22px;\">Fitness<\/strong><\/h3>\n<p><!-- \/wp:post-content --><\/p>\n<p><!-- wp:paragraph --><\/p>\n<p>Notre espace fitness est con\u00e7u pour r\u00e9pondre \u00e0 tous vos besoins en mati\u00e8re de fitness et de remise ne forme. Que vous soyez un athl\u00e8te chevronn\u00e9 ou un d\u00e9butant souhaitant adopter un mode de vie plus actif, G\u00e9o-Andr\u00e9 vous offrira une palette d\u2019activit\u00e9s r\u00e9pondant \u00e0 vos besoins.<\/p>\n<p>Nos \u00e9quipements de musculation et de cardio-training, sont con\u00e7us pour r\u00e9pondre aux besoins de tous les niveaux. Vous y trouverez :<\/p>\n<ul>\n<li>Une salle de musculation compl\u00e8te avec des machines et des poids libres, des tapis de course, v\u00e9los, rameurs.<\/li>\n<li>Une salle de cours collectifs.<\/li>\n<\/ul>\n<p>Notre \u00e9quipe de coachs certifi\u00e9s et exp\u00e9riment\u00e9s est pr\u00eate \u00e0 vous guider et \u00e0 vous motiver.<\/p>\n<p>&nbsp;<\/p>\n<p>&nbsp;<\/p>[\/et_pb_text][\/et_pb_column][\/et_pb_row][\/et_pb_section]","protected":false},"excerpt":{"rendered":"<p>TarifsRetrouvez les tarifs de G\u00e9o Andr\u00e9 Pratique libre L\u2019adh\u00e9sion au site permet la r\u00e9servation des terrains de squash et tennis, l\u2019acc\u00e8s au cours de fitness et \u00e0 la salle de musculation pour les plus de 16 ans. Pour les cours collectifs de squash et tennis, consulter les pages des sections sur la brochure (en cliquant [&hellip;]<\/p>\n","protected":false},"author":32,"featured_media":0,"parent":0,"menu_order":0,"comment_status":"closed","ping_status":"closed","template":"","meta":{"_acf_changed":false,"_seopress_robots_primary_cat":"","_seopress_titles_title":"","_seopress_titles_desc":"","_seopress_robots_index":"","_et_pb_use_builder":"on","_et_pb_old_content":"<!-- wp:paragraph -->\n<p><strong>Pratique libre <\/strong><\/p>\n<!-- \/wp:paragraph -->\n\n<!-- wp:paragraph -->\n<p>Pour tous renseignements, rendez-vous sur la <a href=\"https:\/\/www.stadefrancais.com\/sections\/squash\/\">section squash<\/a> et la <a href=\"https:\/\/www.stadefrancais.com\/sections\/tennis\/\">section tennis<\/a>.<\/p>\n<!-- \/wp:paragraph -->\n\n<!-- wp:image {\"id\":1061,\"sizeSlug\":\"large\",\"linkDestination\":\"none\"} -->\n<figure class=\"wp-block-image size-large\"><img src=\"https:\/\/www.stadefrancais.com\/geo-andre\/wp-content\/uploads\/sites\/4\/2024\/09\/Tennis-Geo-1-692x1024.jpg\" alt=\"Tennis Geo 1\" class=\"wp-image-1061\"\/><\/figure>\n<!-- \/wp:image -->\n\n<!-- wp:paragraph -->\n<p><strong>Exclusivit\u00e9 G\u00e9o Andr\u00e9 <\/strong><\/p>\n<!-- \/wp:paragraph -->\n\n<!-- wp:paragraph -->\n<p>Retrouvez sur votre site G\u00e9o Andr\u00e9 des cours de fitness \u00e0 la carte sur inscription. <\/p>\n<!-- \/wp:paragraph -->\n\n<!-- wp:image {\"id\":1062,\"sizeSlug\":\"large\",\"linkDestination\":\"none\"} -->\n<figure class=\"wp-block-image size-large\"><img src=\"https:\/\/www.stadefrancais.com\/geo-andre\/wp-content\/uploads\/sites\/4\/2024\/09\/Fitness-Geo-1024x308.jpg\" alt=\"Fitness Geo\" class=\"wp-image-1062\"\/><\/figure>\n<!-- \/wp:image -->","_et_gb_content_width":"","footnotes":""},"class_list":["post-1057","page","type-page","status-publish","hentry"],"acf":[],"_links":{"self":[{"href":"https:\/\/www.stadefrancais.com\/geo-andre\/wp-json\/wp\/v2\/pages\/1057","targetHints":{"allow":["GET"]}}],"collection":[{"href":"https:\/\/www.stadefrancais.com\/geo-andre\/wp-json\/wp\/v2\/pages"}],"about":[{"href":"https:\/\/www.stadefrancais.com\/geo-andre\/wp-json\/wp\/v2\/types\/page"}],"author":[{"embeddable":true,"href":"https:\/\/www.stadefrancais.com\/geo-andre\/wp-json\/wp\/v2\/users\/32"}],"replies":[{"embeddable":true,"href":"https:\/\/www.stadefrancais.com\/geo-andre\/wp-json\/wp\/v2\/comments?post=1057"}],"version-history":[{"count":12,"href":"https:\/\/www.stadefrancais.com\/geo-andre\/wp-json\/wp\/v2\/pages\/1057\/revisions"}],"predecessor-version":[{"id":1109,"href":"https:\/\/www.stadefrancais.com\/geo-andre\/wp-json\/wp\/v2\/pages\/1057\/revisions\/1109"}],"wp:attachment":[{"href":"https:\/\/www.stadefrancais.com\/geo-andre\/wp-json\/wp\/v2\/media?parent=1057"}],"curies":[{"name":"wp","href":"https:\/\/api.w.org\/{rel}","templated":true}]}}