{"id":14,"date":"2017-09-14T10:51:00","date_gmt":"2017-09-14T08:51:00","guid":{"rendered":"http:\/\/stadefrancais.com\/geo-andre\/?page_id=14\/"},"modified":"2023-02-01T15:29:30","modified_gmt":"2023-02-01T14:29:30","slug":"boutique","status":"publish","type":"page","link":"https:\/\/www.stadefrancais.com\/geo-andre\/boutique\/","title":{"rendered":"Activit\u00e9s"},"content":{"rendered":"<p>[et_pb_section fb_built=\u00a0\u00bb1&Prime; module_class=\u00a0\u00bbsection-full-height gradient\u00a0\u00bb _builder_version=\u00a0\u00bb4.18.1&Prime; _module_preset=\u00a0\u00bbdefault\u00a0\u00bb background_image=\u00a0\u00bbhttps:\/\/www.stadefrancais.com\/geo-andre\/wp-content\/uploads\/sites\/4\/2022\/10\/SF-2019_06-0859.jpg\u00a0\u00bb global_colors_info=\u00a0\u00bb{}\u00a0\u00bb][et_pb_row make_equal=\u00a0\u00bbon\u00a0\u00bb module_class=\u00a0\u00bbvertical-align-middle\u00a0\u00bb _builder_version=\u00a0\u00bb4.18.0&Prime; _module_preset=\u00a0\u00bbdefault\u00a0\u00bb height=\u00a0\u00bb100%\u00a0\u00bb global_colors_info=\u00a0\u00bb{}\u00a0\u00bb][et_pb_column type=\u00a0\u00bb4_4&Prime; _builder_version=\u00a0\u00bb4.18.0&Prime; _module_preset=\u00a0\u00bbdefault\u00a0\u00bb global_colors_info=\u00a0\u00bb{}\u00a0\u00bb][et_pb_text admin_label=\u00a0\u00bbTitre du site\u00a0\u00bb _builder_version=\u00a0\u00bb4.18.1&Prime; _module_preset=\u00a0\u00bbdefault\u00a0\u00bb header_font=\u00a0\u00bb|800||on|||||\u00a0\u00bb header_text_align=\u00a0\u00bbcenter\u00a0\u00bb header_text_color=\u00a0\u00bb#FFFFFF\u00a0\u00bb header_font_size=\u00a0\u00bb42px\u00a0\u00bb custom_margin=\u00a0\u00bb0px||0px||true|false\u00a0\u00bb custom_padding=\u00a0\u00bb0px||0px||true|false\u00a0\u00bb header_text_shadow_style=\u00a0\u00bbpreset1&Prime; header_text_shadow_vertical_length=\u00a0\u00bb0.02em\u00a0\u00bb global_colors_info=\u00a0\u00bb{}\u00a0\u00bb]<\/p>\n<h1>activit\u00e9s<\/h1>\n<p>[\/et_pb_text][et_pb_text admin_label=\u00a0\u00bbDescription du site\u00a0\u00bb _builder_version=\u00a0\u00bb4.19.4&Prime; _module_preset=\u00a0\u00bbdefault\u00a0\u00bb header_2_font=\u00a0\u00bb|300|||||||\u00a0\u00bb header_2_text_align=\u00a0\u00bbcenter\u00a0\u00bb header_2_text_color=\u00a0\u00bb#FFFFFF\u00a0\u00bb header_2_font_size=\u00a0\u00bb18px\u00a0\u00bb global_colors_info=\u00a0\u00bb{}\u00a0\u00bb]<\/p>\n<h2>Sports collectifs ou individuels , tout est possible au Stade Fran\u00e7ais !<\/h2>\n<p>[\/et_pb_text][et_pb_icon font_icon=\u00a0\u00bb&#x3b;||divi||400&Prime; icon_color=\u00a0\u00bb#FFFFFF\u00a0\u00bb icon_width=\u00a0\u00bb55px\u00a0\u00bb title_text=\u00a0\u00bbAcc\u00e9der au contenu\u00a0\u00bb icon_width_tablet=\u00a0\u00bb40px\u00a0\u00bb icon_width_phone=\u00a0\u00bb40px\u00a0\u00bb icon_width_last_edited=\u00a0\u00bbon|phone\u00a0\u00bb module_class=\u00a0\u00bbscroll-to\u00a0\u00bb _builder_version=\u00a0\u00bb4.18.0&Prime; _module_preset=\u00a0\u00bbdefault\u00a0\u00bb positioning=\u00a0\u00bbabsolute\u00a0\u00bb position_origin_a=\u00a0\u00bbbottom_center\u00a0\u00bb vertical_offset=\u00a0\u00bb60px\u00a0\u00bb vertical_offset_tablet=\u00a0\u00bb80px\u00a0\u00bb vertical_offset_phone=\u00a0\u00bb80px\u00a0\u00bb vertical_offset_last_edited=\u00a0\u00bbon|phone\u00a0\u00bb animation_style=\u00a0\u00bbfade\u00a0\u00bb animation_duration=\u00a0\u00bb800ms\u00a0\u00bb animation_delay=\u00a0\u00bb500ms\u00a0\u00bb locked=\u00a0\u00bboff\u00a0\u00bb global_colors_info=\u00a0\u00bb{}\u00a0\u00bb][\/et_pb_icon][\/et_pb_column][\/et_pb_row][\/et_pb_section][et_pb_section fb_built=\u00a0\u00bb1&Prime; _builder_version=\u00a0\u00bb4.18.0&Prime; _module_preset=\u00a0\u00bbdefault\u00a0\u00bb custom_padding=\u00a0\u00bb60px||30px||false|false\u00a0\u00bb global_colors_info=\u00a0\u00bb{}\u00a0\u00bb][et_pb_row column_structure=\u00a0\u00bb1_2,1_2&Prime; use_custom_gutter=\u00a0\u00bbon\u00a0\u00bb gutter_width=\u00a0\u00bb3&Prime; _builder_version=\u00a0\u00bb4.18.0&Prime; _module_preset=\u00a0\u00bbdefault\u00a0\u00bb global_colors_info=\u00a0\u00bb{}\u00a0\u00bb][et_pb_column type=\u00a0\u00bb1_2&Prime; _builder_version=\u00a0\u00bb4.18.0&Prime; _module_preset=\u00a0\u00bbdefault\u00a0\u00bb global_colors_info=\u00a0\u00bb{}\u00a0\u00bb][et_pb_text _builder_version=\u00a0\u00bb4.19.5&Prime; _module_preset=\u00a0\u00bbdefault\u00a0\u00bb hover_enabled=\u00a0\u00bb0&Prime; global_colors_info=\u00a0\u00bb{}\u00a0\u00bb sticky_enabled=\u00a0\u00bb0&Prime;]<\/p>\n<p>G\u00e9o Andr\u00e9 accueille chaque semaine 1700 jeunes sportifs mais \u00e9galement de nombreux adultes. G\u00e9o Andr\u00e9 est <strong>un complexe sportif multisports avec<\/strong> <strong>des installations sportives vari\u00e9es qui permettent une pratique multiple : <\/strong>arts martiaux , athl\u00e9tisme, badminton, basket, danse, escrime, fitness<strong>, <\/strong>handball, multisports, squash, tennis, triathlon, volley-ball.<\/p>\n<p>Le Stade Fran\u00e7ais m\u00eale harmonieusement l\u2019initiation, la comp\u00e9tition et le haut-niveau.<\/p>\n<p>[\/et_pb_text][et_pb_text _builder_version=\u00a0\u00bb4.19.4&Prime; _module_preset=\u00a0\u00bbdefault\u00a0\u00bb custom_margin=\u00a0\u00bb20px||||false|false\u00a0\u00bb global_colors_info=\u00a0\u00bb{}\u00a0\u00bb]<\/p>\n<p>Avec ses <strong>19 \u00e9coles de sport<\/strong>, et <strong>plus de 4300 jeunes<\/strong>, le club d\u00e9fend les valeurs de comp\u00e9tition, de d\u00e9passement de soi aussi bien que des valeurs de partage, de solidarit\u00e9 et de respect. Six de nos sections sont reconnues et labellis\u00e9es par leurs f\u00e9d\u00e9rations respectives pour la qualit\u00e9 de leur formation.<\/p>\n<p>[\/et_pb_text][\/et_pb_column][et_pb_column type=\u00a0\u00bb1_2&Prime; _builder_version=\u00a0\u00bb4.18.0&Prime; _module_preset=\u00a0\u00bbdefault\u00a0\u00bb animation_style=\u00a0\u00bbslide\u00a0\u00bb animation_direction=\u00a0\u00bbbottom\u00a0\u00bb animation_duration=\u00a0\u00bb800ms\u00a0\u00bb global_colors_info=\u00a0\u00bb{}\u00a0\u00bb][et_pb_image src=\u00a0\u00bbhttps:\/\/www.stadefrancais.com\/geo-andre\/wp-content\/uploads\/sites\/4\/2022\/12\/SF-20190911_3975_HD-scaled.jpg\u00a0\u00bb alt=\u00a0\u00bbSF-20190911_3975_HD\u00a0\u00bb title_text=\u00a0\u00bbSF-20190911_3975_HD\u00a0\u00bb _builder_version=\u00a0\u00bb4.18.1&Prime; _module_preset=\u00a0\u00bbdefault\u00a0\u00bb custom_margin_tablet=\u00a0\u00bb60px||||false|false\u00a0\u00bb custom_margin_phone=\u00a0\u00bb60px||||false|false\u00a0\u00bb custom_margin_last_edited=\u00a0\u00bbon|phone\u00a0\u00bb border_radii=\u00a0\u00bbon|10px|10px|10px|10px\u00a0\u00bb global_colors_info=\u00a0\u00bb{}\u00a0\u00bb][\/et_pb_image][\/et_pb_column][\/et_pb_row][\/et_pb_section][et_pb_section fb_built=\u00a0\u00bb1&Prime; disabled_on=\u00a0\u00bboff|off|off\u00a0\u00bb _builder_version=\u00a0\u00bb4.18.1&Prime; _module_preset=\u00a0\u00bbdefault\u00a0\u00bb transform_scale_tablet=\u00a0\u00bb\u00a0\u00bb transform_scale_phone=\u00a0\u00bb\u00a0\u00bb transform_scale_last_edited=\u00a0\u00bbon|tablet\u00a0\u00bb transform_scale_linked_tablet=\u00a0\u00bboff\u00a0\u00bb transform_translate_tablet=\u00a0\u00bb0px|-32px\u00a0\u00bb transform_translate_phone=\u00a0\u00bb0px|-32px\u00a0\u00bb transform_translate_last_edited=\u00a0\u00bbon|phone\u00a0\u00bb transform_translate_linked=\u00a0\u00bboff\u00a0\u00bb transform_rotate_tablet=\u00a0\u00bb\u00a0\u00bb transform_rotate_phone=\u00a0\u00bb\u00a0\u00bb transform_rotate_last_edited=\u00a0\u00bbon|desktop\u00a0\u00bb transform_skew_tablet=\u00a0\u00bb\u00a0\u00bb transform_skew_phone=\u00a0\u00bb\u00a0\u00bb transform_skew_last_edited=\u00a0\u00bbon|desktop\u00a0\u00bb transform_origin_tablet=\u00a0\u00bb\u00a0\u00bb transform_origin_phone=\u00a0\u00bb\u00a0\u00bb transform_origin_last_edited=\u00a0\u00bbon|desktop\u00a0\u00bb transform_styles_last_edited=\u00a0\u00bbon|phone\u00a0\u00bb custom_padding=\u00a0\u00bb30px||30px||true|false\u00a0\u00bb sticky_position=\u00a0\u00bbtop\u00a0\u00bb sticky_offset_top=\u00a0\u00bb132px\u00a0\u00bb sticky_limit_bottom=\u00a0\u00bbbody\u00a0\u00bb sticky_offset_surrounding=\u00a0\u00bboff\u00a0\u00bb transform_styles_tablet=\u00a0\u00bb\u00a0\u00bb transform_styles_phone=\u00a0\u00bb\u00a0\u00bb sticky_offset_top_tablet=\u00a0\u00bb132px\u00a0\u00bb sticky_offset_top_phone=\u00a0\u00bb168px\u00a0\u00bb sticky_offset_top_last_edited=\u00a0\u00bbon|phone\u00a0\u00bb locked=\u00a0\u00bboff\u00a0\u00bb global_colors_info=\u00a0\u00bb{}\u00a0\u00bb transform_styles__sticky_enabled=\u00a0\u00bbon|desktop\u00a0\u00bb transform_scale__sticky_enabled=\u00a0\u00bbon|desktop\u00a0\u00bb transform_translate__sticky_enabled=\u00a0\u00bbon|desktop\u00a0\u00bb transform_rotate__sticky_enabled=\u00a0\u00bbon|desktop\u00a0\u00bb transform_skew__sticky_enabled=\u00a0\u00bbon|desktop\u00a0\u00bb transform_origin__sticky_enabled=\u00a0\u00bbon|desktop\u00a0\u00bb][et_pb_row _builder_version=\u00a0\u00bb4.18.0&Prime; _module_preset=\u00a0\u00bbdefault\u00a0\u00bb global_colors_info=\u00a0\u00bb{}\u00a0\u00bb][et_pb_column type=\u00a0\u00bb4_4&Prime; _builder_version=\u00a0\u00bb4.18.0&Prime; _module_preset=\u00a0\u00bbdefault\u00a0\u00bb global_colors_info=\u00a0\u00bb{}\u00a0\u00bb][et_pb_menu menu_id=\u00a0\u00bb12&Prime; menu_style=\u00a0\u00bbcentered\u00a0\u00bb module_class=\u00a0\u00bbmenu-scrollable\u00a0\u00bb _builder_version=\u00a0\u00bb4.18.0&Prime; _module_preset=\u00a0\u00bbdefault\u00a0\u00bb menu_text_color=\u00a0\u00bb#000000&Prime; global_colors_info=\u00a0\u00bb{}\u00a0\u00bb][\/et_pb_menu][\/et_pb_column][\/et_pb_row][\/et_pb_section]<\/p>\n","protected":false},"excerpt":{"rendered":"<p>activit\u00e9sSports collectifs ou individuels , tout est possible au Stade Fran\u00e7ais !G\u00e9o Andr\u00e9 accueille chaque semaine 1700 jeunes sportifs mais \u00e9galement de nombreux adultes. G\u00e9o Andr\u00e9 est un complexe sportif multisports avec des installations sportives vari\u00e9es qui permettent une pratique multiple : arts martiaux , athl\u00e9tisme, badminton, basket, danse, escrime, fitness, handball, multisports, squash, tennis, [&hellip;]<\/p>\n","protected":false},"author":1,"featured_media":128,"parent":0,"menu_order":0,"comment_status":"closed","ping_status":"closed","template":"","meta":{"_acf_changed":false,"_seopress_robots_primary_cat":"","_seopress_titles_title":"","_seopress_titles_desc":"","_seopress_robots_index":"","_et_pb_use_builder":"on","_et_pb_old_content":"[vc_row][vc_column][vc_column_text]\n<div class=\"field-item even\">\n\nDouze activit\u00e9s sportives se pratiquent \u00e0 G\u00e9o-Andr\u00e9 (athl\u00e9tisme, badminton, basket-ball, danse, escrime, handball, judo ju jitsu, mise en forme, multisports, squash, tennis et volley-ball). Seuls le badminton, le squash et le tennis sont \u00e9galement accessibles aux personnes ext\u00e9rieures moyennant le r\u00e8glement d'un tarif horaire. La pratique des autres sports implique d'\u00eatre membre du Stade Fran\u00e7ais.\n\n<\/div>\n[\/vc_column_text][vc_column_text]\n<div class=\"field-item even\">\n<h2>Tennis<\/h2>\nLe Stade G\u00e9o-Andr\u00e9 est \u00e9quip\u00e9 de 4 courts de tennis (1 en terre battue et 3 en synth\u00e9tique), ouverts de 8h \u00e0 22h tous les jours aux membres et aux non stadistes\u00a0(fermeture du site 15 jours en ao\u00fbt, les 25 d\u00e9cembre et 1er janvier).\n<h3>Les cours particuliers<img class=\"wp-image-128 size-large aligncenter\" src=\"https:\/\/www.stadefrancais.com\/geo-andre\/wp-content\/uploads\/sites\/4\/2017\/09\/tennis-1024x768.jpg\" alt=\"\" width=\"1024\" height=\"768\" \/><\/h3>\nUne \u00e9quipe de 2 professeurs dipl\u00f4m\u00e9s est \u00e0 votre disposition tous les jours de la semaine. De nombreux stages sont organis\u00e9s, de l\u2019initiation au perfectionnement, pour vous accompagner dans votre progression.\n<h3>Ecole de tennis<\/h3>\nElle propose des cours tout au long de l\u2019ann\u00e9e scolaire et offre \u00e0 vos enfants la possibilit\u00e9 de participer \u00e0 de nombreuses animations.\n\nPour plus de renseignements sur l\u2019\u00e9cole de tennis, visitez le site de <a href=\"http:\/\/www.stadefrancais.com\/tennis\/\">la section Tennis<\/a>.\u00a0<a>\n<\/a>\n<h3>Les Nouveaux Cours Collectifs Tennis Adultes<\/h3>\nLe Stade Fran\u00e7ais vous propose un nouveau programme complet adapt\u00e9 \u00e0 votre niveau dans des groupes homog\u00e8nes, encadr\u00e9 par une \u00e9quipe p\u00e9dagogique d\u2019enseignants dipl\u00f4m\u00e9s d\u2019\u00e9tat et d\u2018aide-moniteurs f\u00e9d\u00e9raux (F.F.T.).\n\nAu programme :\n- 28 s\u00e9ances encadr\u00e9es + 2 s\u00e9ances de matchs programm\u00e9es et 30 mn en individuel avec votre prof!\n- Les cours collectifs adultes en semaine, le midi ou en soir\u00e9e\n\nPour plus d'informations, contactez-nous \u00e0 l'adresse <a href=\"mailto:tennisadultes@stadefrancais.asso.fr\">tennisadultes@stadefrancais.asso.fr<\/a>\nou par t\u00e9l\u00e9phone 01 40 71 33 68.\nPour t\u00e9l\u00e9charger le formulaire d'inscription aux Nouveaux Cours Collectifs Tennis Adultes \u00e0 G\u00e9o-Andr\u00e9 c'est <a href=\"http:\/\/www.stadefrancais.com\/sites\/default\/files\/imce\/sf-c.musso\/inscription_nccta_geo-andre_2015-2016_2_1.pdf\">ici<\/a>.\n\n<\/div>\n<div class=\"field-item odd\">\n\n<strong>La pratique\u00a0d'une activit\u00e9 sportive\u00a0\u00e0 G\u00e9o-Andr\u00e9 n\u00e9cessite d'\u00eatre membre du Stade Fran\u00e7ais et d'\u00eatre inscrit\u00a0\u00e0 une section sportive (ou \u00e0 la mise en forme). La pratique du tennis et du squash est\u00a0en outre accessible aux personnes ext\u00e9rieures moyennant un droit de jeu.<\/strong>\n\n<\/div>\n[\/vc_column_text][\/vc_column][\/vc_row][vc_row][vc_column][vc_column_text]\n<div class=\"field-item odd\">\n<h2>Squash<\/h2>\n<a name=\"squash\"><\/a>\n\nLe Stade G\u00e9o-Andr\u00e9 est \u00e9quip\u00e9 de 6 courts de squash, ouverts de 8h \u00e0 22h tous les jours aux membres et aux non stadistes\u00a0(fermeture du site 15 jours en ao\u00fbt, les 25 d\u00e9cembre et 1er janvier).\n\n<img class=\"aligncenter\" src=\"http:\/\/www.stadefrancais.com\/sites\/default\/files\/imce\/sf-g.veysset\/sans_titre-3_6.jpg\" width=\"686\" height=\"280\" border=\"0\" \/>\n<h3>Les cours particuliers<\/h3>\nUn professeur est \u00e0 votre disposition pour vous accompagner, de l\u2019initiation au perfectionnement.\n<h3>Ecole de squash<\/h3>\nElle propose des cours tout au long de l\u2019ann\u00e9e scolaire et offre \u00e0 vos enfants la possibilit\u00e9 de participer \u00e0 de nombreuses animations.\n\nPour plus de renseignements sur l\u2019\u00e9cole de squash, visitez le site de <a href=\"http:\/\/www.stadefrancais.com\/squash\/\">la section Squash<\/a>.\n\n<\/div>\n[\/vc_column_text][\/vc_column][\/vc_row][vc_row][vc_column][vc_column_text]\n<h2>Fitness et Musculation<\/h2>\nLe Stade G\u00e9o-Andr\u00e9 est \u00e9quip\u00e9 d'une salle de gym pour les cours collectifs et d'un plateau de musculation et cardio-training.\n\n<img class=\"aligncenter\" src=\"http:\/\/www.stadefrancais.com\/sites\/default\/files\/imce\/sf-g.veysset\/sans_titre-4_4.jpg\" width=\"686\" height=\"280\" border=\"0\" \/>\n<h3>Les cours<\/h3>\nUne \u00e9quipe de 7 professeurs dipl\u00f4m\u00e9s est \u00e0 votre service, du lundi au vendredi, pour animer les cours collectifs et vous proposer des programmes de mise en forme personnalis\u00e9s.\n\nPour plus d'informations et pour consulter les plannings de cours, visitez le site de <a href=\"http:\/\/www.stadefrancais.com\/fitness\">la section Fitness<\/a>.[\/vc_column_text][\/vc_column][\/vc_row]","_et_gb_content_width":"","footnotes":""},"class_list":["post-14","page","type-page","status-publish","has-post-thumbnail","hentry"],"acf":[],"_links":{"self":[{"href":"https:\/\/www.stadefrancais.com\/geo-andre\/wp-json\/wp\/v2\/pages\/14","targetHints":{"allow":["GET"]}}],"collection":[{"href":"https:\/\/www.stadefrancais.com\/geo-andre\/wp-json\/wp\/v2\/pages"}],"about":[{"href":"https:\/\/www.stadefrancais.com\/geo-andre\/wp-json\/wp\/v2\/types\/page"}],"author":[{"embeddable":true,"href":"https:\/\/www.stadefrancais.com\/geo-andre\/wp-json\/wp\/v2\/users\/1"}],"replies":[{"embeddable":true,"href":"https:\/\/www.stadefrancais.com\/geo-andre\/wp-json\/wp\/v2\/comments?post=14"}],"version-history":[{"count":13,"href":"https:\/\/www.stadefrancais.com\/geo-andre\/wp-json\/wp\/v2\/pages\/14\/revisions"}],"predecessor-version":[{"id":624,"href":"https:\/\/www.stadefrancais.com\/geo-andre\/wp-json\/wp\/v2\/pages\/14\/revisions\/624"}],"wp:featuredmedia":[{"embeddable":true,"href":"https:\/\/www.stadefrancais.com\/geo-andre\/wp-json\/wp\/v2\/media\/128"}],"wp:attachment":[{"href":"https:\/\/www.stadefrancais.com\/geo-andre\/wp-json\/wp\/v2\/media?parent=14"}],"curies":[{"name":"wp","href":"https:\/\/api.w.org\/{rel}","templated":true}]}}