{"id":15,"date":"2017-09-14T10:51:38","date_gmt":"2017-09-14T08:51:38","guid":{"rendered":"http:\/\/stadefrancais.com\/geo-andre\/?page_id=15\/"},"modified":"2025-10-29T14:21:19","modified_gmt":"2025-10-29T13:21:19","slug":"restaurant","status":"publish","type":"page","link":"https:\/\/www.stadefrancais.com\/geo-andre\/restaurant\/","title":{"rendered":"Restaurant"},"content":{"rendered":"<p>[et_pb_section fb_built=\u00a0\u00bb1&Prime; module_class=\u00a0\u00bbsection-full-height gradient\u00a0\u00bb _builder_version=\u00a0\u00bb4.25.2&Prime; _module_preset=\u00a0\u00bbdefault\u00a0\u00bb background_image=\u00a0\u00bbhttps:\/\/www.stadefrancais.com\/geo-andre\/wp-content\/uploads\/sites\/4\/2024\/11\/Resto-3-scaled.jpg\u00a0\u00bb global_colors_info=\u00a0\u00bb{}\u00a0\u00bb][et_pb_row make_equal=\u00a0\u00bbon\u00a0\u00bb module_class=\u00a0\u00bbvertical-align-middle\u00a0\u00bb _builder_version=\u00a0\u00bb4.18.1&Prime; _module_preset=\u00a0\u00bbdefault\u00a0\u00bb height=\u00a0\u00bb100%\u00a0\u00bb global_colors_info=\u00a0\u00bb{}\u00a0\u00bb][et_pb_column type=\u00a0\u00bb4_4&Prime; _builder_version=\u00a0\u00bb4.18.0&Prime; _module_preset=\u00a0\u00bbdefault\u00a0\u00bb global_colors_info=\u00a0\u00bb{}\u00a0\u00bb][et_pb_text admin_label=\u00a0\u00bbTitre du site\u00a0\u00bb _builder_version=\u00a0\u00bb4.18.1&Prime; _module_preset=\u00a0\u00bbdefault\u00a0\u00bb header_font=\u00a0\u00bb|800||on|||||\u00a0\u00bb header_text_align=\u00a0\u00bbcenter\u00a0\u00bb header_text_color=\u00a0\u00bb#FFFFFF\u00a0\u00bb header_font_size=\u00a0\u00bb42px\u00a0\u00bb custom_margin=\u00a0\u00bb0px||0px||true|false\u00a0\u00bb custom_padding=\u00a0\u00bb0px||0px||true|false\u00a0\u00bb header_text_shadow_style=\u00a0\u00bbpreset1&Prime; header_text_shadow_vertical_length=\u00a0\u00bb0.02em\u00a0\u00bb global_colors_info=\u00a0\u00bb{}\u00a0\u00bb]<\/p>\n<h1>Restaurant<\/h1>\n<p>[\/et_pb_text][et_pb_text admin_label=\u00a0\u00bbDescription du site\u00a0\u00bb _builder_version=\u00a0\u00bb4.25.2&Prime; _module_preset=\u00a0\u00bbdefault\u00a0\u00bb header_2_font=\u00a0\u00bb|300|||||||\u00a0\u00bb header_2_text_align=\u00a0\u00bbcenter\u00a0\u00bb header_2_text_color=\u00a0\u00bb#FFFFFF\u00a0\u00bb header_2_font_size=\u00a0\u00bb18px\u00a0\u00bb global_colors_info=\u00a0\u00bb{}\u00a0\u00bb]<\/p>\n<h2>Le Comptoir du Stade Fran\u00e7ais, un lieu embl\u00e9matique du club \u00e0 votre service !<\/h2>\n<p>[\/et_pb_text][et_pb_icon font_icon=\u00a0\u00bb&#x3b;||divi||400&Prime; icon_color=\u00a0\u00bb#FFFFFF\u00a0\u00bb icon_width=\u00a0\u00bb55px\u00a0\u00bb title_text=\u00a0\u00bbAcc\u00e9der au contenu\u00a0\u00bb icon_width_tablet=\u00a0\u00bb40px\u00a0\u00bb icon_width_phone=\u00a0\u00bb40px\u00a0\u00bb icon_width_last_edited=\u00a0\u00bbon|phone\u00a0\u00bb module_class=\u00a0\u00bbscroll-to\u00a0\u00bb _builder_version=\u00a0\u00bb4.18.0&Prime; _module_preset=\u00a0\u00bbdefault\u00a0\u00bb positioning=\u00a0\u00bbabsolute\u00a0\u00bb position_origin_a=\u00a0\u00bbbottom_center\u00a0\u00bb vertical_offset=\u00a0\u00bb60px\u00a0\u00bb vertical_offset_tablet=\u00a0\u00bb80px\u00a0\u00bb vertical_offset_phone=\u00a0\u00bb80px\u00a0\u00bb vertical_offset_last_edited=\u00a0\u00bbon|phone\u00a0\u00bb animation_style=\u00a0\u00bbfade\u00a0\u00bb animation_duration=\u00a0\u00bb800ms\u00a0\u00bb animation_delay=\u00a0\u00bb500ms\u00a0\u00bb locked=\u00a0\u00bboff\u00a0\u00bb global_colors_info=\u00a0\u00bb{}\u00a0\u00bb][\/et_pb_icon][\/et_pb_column][\/et_pb_row][\/et_pb_section][et_pb_section fb_built=\u00a0\u00bb1&Prime; disabled_on=\u00a0\u00bboff|off|off\u00a0\u00bb _builder_version=\u00a0\u00bb4.18.1&Prime; _module_preset=\u00a0\u00bbdefault\u00a0\u00bb transform_scale_tablet=\u00a0\u00bb\u00a0\u00bb transform_scale_phone=\u00a0\u00bb\u00a0\u00bb transform_scale_last_edited=\u00a0\u00bbon|tablet\u00a0\u00bb transform_scale_linked_tablet=\u00a0\u00bboff\u00a0\u00bb transform_translate_tablet=\u00a0\u00bb0px|-32px\u00a0\u00bb transform_translate_phone=\u00a0\u00bb0px|-32px\u00a0\u00bb transform_translate_last_edited=\u00a0\u00bbon|phone\u00a0\u00bb transform_translate_linked=\u00a0\u00bboff\u00a0\u00bb transform_rotate_tablet=\u00a0\u00bb\u00a0\u00bb transform_rotate_phone=\u00a0\u00bb\u00a0\u00bb transform_rotate_last_edited=\u00a0\u00bbon|desktop\u00a0\u00bb transform_skew_tablet=\u00a0\u00bb\u00a0\u00bb transform_skew_phone=\u00a0\u00bb\u00a0\u00bb transform_skew_last_edited=\u00a0\u00bbon|desktop\u00a0\u00bb transform_origin_tablet=\u00a0\u00bb\u00a0\u00bb transform_origin_phone=\u00a0\u00bb\u00a0\u00bb transform_origin_last_edited=\u00a0\u00bbon|desktop\u00a0\u00bb transform_styles_last_edited=\u00a0\u00bbon|phone\u00a0\u00bb custom_padding=\u00a0\u00bb30px||30px||true|false\u00a0\u00bb sticky_position=\u00a0\u00bbtop\u00a0\u00bb sticky_offset_top=\u00a0\u00bb132px\u00a0\u00bb sticky_limit_bottom=\u00a0\u00bbbody\u00a0\u00bb sticky_offset_surrounding=\u00a0\u00bboff\u00a0\u00bb transform_styles_tablet=\u00a0\u00bb\u00a0\u00bb transform_styles_phone=\u00a0\u00bb\u00a0\u00bb sticky_offset_top_tablet=\u00a0\u00bb132px\u00a0\u00bb sticky_offset_top_phone=\u00a0\u00bb168px\u00a0\u00bb sticky_offset_top_last_edited=\u00a0\u00bbon|phone\u00a0\u00bb locked=\u00a0\u00bboff\u00a0\u00bb global_colors_info=\u00a0\u00bb{}\u00a0\u00bb transform_styles__sticky_enabled=\u00a0\u00bbon|desktop\u00a0\u00bb transform_scale__sticky_enabled=\u00a0\u00bbon|desktop\u00a0\u00bb transform_translate__sticky_enabled=\u00a0\u00bbon|desktop\u00a0\u00bb transform_rotate__sticky_enabled=\u00a0\u00bbon|desktop\u00a0\u00bb transform_skew__sticky_enabled=\u00a0\u00bbon|desktop\u00a0\u00bb transform_origin__sticky_enabled=\u00a0\u00bbon|desktop\u00a0\u00bb][et_pb_row _builder_version=\u00a0\u00bb4.18.0&Prime; _module_preset=\u00a0\u00bbdefault\u00a0\u00bb global_colors_info=\u00a0\u00bb{}\u00a0\u00bb][et_pb_column type=\u00a0\u00bb4_4&Prime; _builder_version=\u00a0\u00bb4.18.0&Prime; _module_preset=\u00a0\u00bbdefault\u00a0\u00bb global_colors_info=\u00a0\u00bb{}\u00a0\u00bb][et_pb_menu menu_id=\u00a0\u00bb12&Prime; menu_style=\u00a0\u00bbcentered\u00a0\u00bb module_class=\u00a0\u00bbmenu-scrollable\u00a0\u00bb _builder_version=\u00a0\u00bb4.18.0&Prime; _module_preset=\u00a0\u00bbdefault\u00a0\u00bb menu_text_color=\u00a0\u00bb#000000&Prime; global_colors_info=\u00a0\u00bb{}\u00a0\u00bb][\/et_pb_menu][\/et_pb_column][\/et_pb_row][\/et_pb_section][et_pb_section fb_built=\u00a0\u00bb1&Prime; _builder_version=\u00a0\u00bb4.18.0&Prime; _module_preset=\u00a0\u00bbdefault\u00a0\u00bb custom_padding=\u00a0\u00bb60px||30px||false|false\u00a0\u00bb global_colors_info=\u00a0\u00bb{}\u00a0\u00bb][et_pb_row column_structure=\u00a0\u00bb1_2,1_2&Prime; use_custom_gutter=\u00a0\u00bbon\u00a0\u00bb gutter_width=\u00a0\u00bb3&Prime; _builder_version=\u00a0\u00bb4.18.0&Prime; _module_preset=\u00a0\u00bbdefault\u00a0\u00bb global_colors_info=\u00a0\u00bb{}\u00a0\u00bb][et_pb_column type=\u00a0\u00bb1_2&Prime; _builder_version=\u00a0\u00bb4.18.0&Prime; _module_preset=\u00a0\u00bbdefault\u00a0\u00bb global_colors_info=\u00a0\u00bb{}\u00a0\u00bb][et_pb_text _builder_version=\u00a0\u00bb4.25.2&Prime; _module_preset=\u00a0\u00bbdefault\u00a0\u00bb global_colors_info=\u00a0\u00bb{}\u00a0\u00bb]<\/p>\n<p>Lieu embl\u00e9matique du Stade Fran\u00e7ais, le restaurant Le Comptoir du Stade Fran\u00e7ais vous accueille le mardi de 10h \u00e0 18h, du mercredi au vendredi de 9h00 \u00e0 23h00 et le samedi de 9h00 \u00e0 19h00.<\/p>\n<p>[\/et_pb_text][et_pb_text _builder_version=\u00a0\u00bb4.25.2&Prime; _module_preset=\u00a0\u00bbdefault\u00a0\u00bb custom_margin=\u00a0\u00bb20px||||false|false\u00a0\u00bb global_colors_info=\u00a0\u00bb{}\u00a0\u00bb]<\/p>\n<p>L\u2019\u00e9quipe vous attend au 1er \u00e9tage l\u2019hiver et l\u2019\u00e9t\u00e9 sur la terrasse orient\u00e9e plein sud avec vue sur les courts de tennis.<\/p>\n<p>Vous pourrez d\u00e9fier vos amis au baby-foot, aux fl\u00e9chettes, au ping-pong, ou au billard en profitant d&rsquo;une restauration de qualit\u00e9 !<\/p>\n<p>[\/et_pb_text][\/et_pb_column][et_pb_column type=\u00a0\u00bb1_2&Prime; _builder_version=\u00a0\u00bb4.18.0&Prime; _module_preset=\u00a0\u00bbdefault\u00a0\u00bb animation_style=\u00a0\u00bbslide\u00a0\u00bb animation_direction=\u00a0\u00bbbottom\u00a0\u00bb animation_duration=\u00a0\u00bb800ms\u00a0\u00bb global_colors_info=\u00a0\u00bb{}\u00a0\u00bb][et_pb_image src=\u00a0\u00bbhttps:\/\/www.stadefrancais.com\/geo-andre\/wp-content\/uploads\/sites\/4\/2024\/11\/Resto-2-scaled.jpg\u00a0\u00bb alt=\u00a0\u00bbResto 2&Prime; title_text=\u00a0\u00bbResto 2&Prime; _builder_version=\u00a0\u00bb4.25.2&Prime; _module_preset=\u00a0\u00bbdefault\u00a0\u00bb custom_margin_tablet=\u00a0\u00bb60px||||false|false\u00a0\u00bb custom_margin_phone=\u00a0\u00bb60px||||false|false\u00a0\u00bb custom_margin_last_edited=\u00a0\u00bbon|phone\u00a0\u00bb border_radii=\u00a0\u00bbon|10px|10px|10px|10px\u00a0\u00bb global_colors_info=\u00a0\u00bb{}\u00a0\u00bb][\/et_pb_image][\/et_pb_column][\/et_pb_row][\/et_pb_section][et_pb_section fb_built=\u00a0\u00bb1&Prime; _builder_version=\u00a0\u00bb4.18.0&Prime; _module_preset=\u00a0\u00bbdefault\u00a0\u00bb custom_padding=\u00a0\u00bb30px||60px||false|false\u00a0\u00bb global_colors_info=\u00a0\u00bb{}\u00a0\u00bb][et_pb_row column_structure=\u00a0\u00bb1_2,1_2&Prime; use_custom_gutter=\u00a0\u00bbon\u00a0\u00bb gutter_width=\u00a0\u00bb3&Prime; _builder_version=\u00a0\u00bb4.18.0&Prime; _module_preset=\u00a0\u00bbdefault\u00a0\u00bb global_colors_info=\u00a0\u00bb{}\u00a0\u00bb][et_pb_column type=\u00a0\u00bb1_2&Prime; _builder_version=\u00a0\u00bb4.18.0&Prime; _module_preset=\u00a0\u00bbdefault\u00a0\u00bb animation_style=\u00a0\u00bbslide\u00a0\u00bb animation_direction=\u00a0\u00bbbottom\u00a0\u00bb animation_duration=\u00a0\u00bb800ms\u00a0\u00bb global_colors_info=\u00a0\u00bb{}\u00a0\u00bb][et_pb_image src=\u00a0\u00bbhttps:\/\/www.stadefrancais.com\/geo-andre\/wp-content\/uploads\/sites\/4\/2024\/11\/Resto-4-scaled.jpg\u00a0\u00bb alt=\u00a0\u00bbResto 4&Prime; title_text=\u00a0\u00bbResto 4&Prime; _builder_version=\u00a0\u00bb4.25.2&Prime; _module_preset=\u00a0\u00bbdefault\u00a0\u00bb custom_margin_tablet=\u00a0\u00bb||60px||false|false\u00a0\u00bb custom_margin_phone=\u00a0\u00bb||60px||false|false\u00a0\u00bb custom_margin_last_edited=\u00a0\u00bbon|tablet\u00a0\u00bb border_radii=\u00a0\u00bbon|10px|10px|10px|10px\u00a0\u00bb global_colors_info=\u00a0\u00bb{}\u00a0\u00bb][\/et_pb_image][\/et_pb_column][et_pb_column type=\u00a0\u00bb1_2&Prime; _builder_version=\u00a0\u00bb4.18.0&Prime; _module_preset=\u00a0\u00bbdefault\u00a0\u00bb global_colors_info=\u00a0\u00bb{}\u00a0\u00bb][et_pb_text _builder_version=\u00a0\u00bb4.18.0&Prime; _module_preset=\u00a0\u00bbdefault\u00a0\u00bb global_colors_info=\u00a0\u00bb{}\u00a0\u00bb]Le chef concocte des plats vari\u00e9s et faits maison avec des produits de qualit\u00e9. L\u2019apr\u00e8s-midi, cr\u00eapes, boissons chaudes et snacks vous sont propos\u00e9s.[\/et_pb_text][et_pb_text _builder_version=\u00a0\u00bb4.18.0&Prime; _module_preset=\u00a0\u00bbdefault\u00a0\u00bb global_colors_info=\u00a0\u00bb{}\u00a0\u00bb]Pendant que vos enfants font du sport, venez d\u00e9couvrir le restaurant, t\u00e9l\u00e9travailler autour d\u2019un th\u00e9 ou boire un verre avec vos amis ![\/et_pb_text][et_pb_text _builder_version=\u00a0\u00bb4.25.2&Prime; _module_preset=\u00a0\u00bbdefault\u00a0\u00bb global_colors_info=\u00a0\u00bb{}\u00a0\u00bb]<\/p>\n<p>Le Comptoir du Stade Fran\u00e7ais accueille et organise \u00e9galement vos \u00e9v\u00e8nements familiaux, amicaux et professionnels (capacit\u00e9 d\u2019accueil : 200 personnes).<\/p>\n<p>[\/et_pb_text][et_pb_text _builder_version=\u00a0\u00bb4.25.2&Prime; _module_preset=\u00a0\u00bbdefault\u00a0\u00bb global_colors_info=\u00a0\u00bb{}\u00a0\u00bb]<\/p>\n<p><strong>Renseignements<\/strong> <b>et r\u00e9servation au 01 40 50 12 68.<\/b><u><\/u><\/p>\n<p><b>Pour toutes r\u00e9servations li\u00e9es aux \u00e9v\u00e8nements contactez l&rsquo;adresse mail suivante : seminaire@stadefrancais.asso.fr<\/b><\/p>\n<p>[\/et_pb_text][et_pb_text _builder_version=\u00a0\u00bb4.25.2&Prime; _module_preset=\u00a0\u00bbdefault\u00a0\u00bb link_font=\u00a0\u00bb||||on||||\u00a0\u00bb min_height=\u00a0\u00bb92.8px\u00a0\u00bb custom_margin=\u00a0\u00bb||60px||false|false\u00a0\u00bb global_colors_info=\u00a0\u00bb{}\u00a0\u00bb]<\/p>\n<p>Retrouvez<span> <\/span>la carte du restaurant <a href=\"https:\/\/www.stadefrancais.com\/geo-andre\/wp-content\/uploads\/sites\/4\/2025\/07\/Menu-Comptoir-du-SF-mai-2025.pdf\">juste ici<\/a> !<\/p>\n<p>[\/et_pb_text][\/et_pb_column][\/et_pb_row][\/et_pb_section]<\/p>\n","protected":false},"excerpt":{"rendered":"<p>RestaurantLe Comptoir du Stade Fran\u00e7ais, un lieu embl\u00e9matique du club \u00e0 votre service !Lieu embl\u00e9matique du Stade Fran\u00e7ais, le restaurant Le Comptoir du Stade Fran\u00e7ais vous accueille le mardi de 10h \u00e0 18h, du mercredi au vendredi de 9h00 \u00e0 23h00 et le samedi de 9h00 \u00e0 19h00.L\u2019\u00e9quipe vous attend au 1er \u00e9tage l\u2019hiver et [&hellip;]<\/p>\n","protected":false},"author":1,"featured_media":0,"parent":0,"menu_order":0,"comment_status":"closed","ping_status":"closed","template":"","meta":{"_acf_changed":false,"_seopress_robots_primary_cat":"","_seopress_titles_title":"","_seopress_titles_desc":"","_seopress_robots_index":"","_et_pb_use_builder":"on","_et_pb_old_content":"[vc_row][vc_column][vc_column_text]\n<p style=\"text-align: center\"><b>La Terrasse du Stade, une lieu embl\u00e9matique\u00a0<\/b><b>du club \u00e0 votre service !<\/b><\/p>\nLieu embl\u00e9matique du Stade Fran\u00e7ais, le restaurant La Terrasse du Stade vous accueille du lundi au vendredi de 10h30 \u00e0 19h00, le samedi de 9h00 \u00e0 17h00 et les soirs des \u00e9v\u00e8nements sportifs.\nL\u2019\u00e9quipe vous attend au 1er\u00a0\u00e9tage l\u2019hiver et l\u2019\u00e9t\u00e9 sur la terrasse orient\u00e9e plein sud avec vue sur les courts de tennis.\n\n<img class=\"alignnone size-large wp-image-331\" src=\"https:\/\/www.stadefrancais.com\/geo-andre\/wp-content\/uploads\/sites\/4\/2022\/03\/Capture-de\u0301cran-2022-03-15-a\u0300-15.14.03-1024x226.png\" alt=\"\" width=\"1024\" height=\"226\" \/>\n\nLe chef concocte des plats vari\u00e9s et faits maison avec des produits de qualit\u00e9. L\u2019apr\u00e8s-midi, cr\u00eapes, boissons chaudes et snacks vous sont propos\u00e9s.\nPendant que vos enfants font du sport, venez d\u00e9couvrir le restaurant, t\u00e9l\u00e9travailler autour d\u2019un th\u00e9 ou boire un verre avec vos amis\u00a0!\nLa Terrasse du Stade accueille et organise \u00e9galement vos \u00e9v\u00e8nements familiaux, amicaux et professionnels (capacit\u00e9 d\u2019accueil\u00a0: 200 personnes).\n<b><a href=\"https:\/\/acrobat.adobe.com\/link\/track?uri=urn:aaid:scds:US:872eb006-e204-33f1-a088-9e3cc36f99d5\">Renseignements<\/a> et r\u00e9servation au 01 40 50 12 68 ou directement\u00a0<\/b><u><a href=\"http:\/\/laterrassedustadefrancais.com\/\">sur le site internet du restaurant.<\/a><\/u>\n\n&nbsp;\n\nRetrouvez <a href=\"https:\/\/acrobat.adobe.com\/link\/track?uri=urn:aaid:scds:US:bf6656b7-662c-3c05-ac25-71f685bc1d9c\">ici<\/a> la carte du restaurant ![\/vc_column_text][\/vc_column][\/vc_row]","_et_gb_content_width":"","footnotes":""},"class_list":["post-15","page","type-page","status-publish","hentry"],"acf":[],"_links":{"self":[{"href":"https:\/\/www.stadefrancais.com\/geo-andre\/wp-json\/wp\/v2\/pages\/15","targetHints":{"allow":["GET"]}}],"collection":[{"href":"https:\/\/www.stadefrancais.com\/geo-andre\/wp-json\/wp\/v2\/pages"}],"about":[{"href":"https:\/\/www.stadefrancais.com\/geo-andre\/wp-json\/wp\/v2\/types\/page"}],"author":[{"embeddable":true,"href":"https:\/\/www.stadefrancais.com\/geo-andre\/wp-json\/wp\/v2\/users\/1"}],"replies":[{"embeddable":true,"href":"https:\/\/www.stadefrancais.com\/geo-andre\/wp-json\/wp\/v2\/comments?post=15"}],"version-history":[{"count":17,"href":"https:\/\/www.stadefrancais.com\/geo-andre\/wp-json\/wp\/v2\/pages\/15\/revisions"}],"predecessor-version":[{"id":1137,"href":"https:\/\/www.stadefrancais.com\/geo-andre\/wp-json\/wp\/v2\/pages\/15\/revisions\/1137"}],"wp:attachment":[{"href":"https:\/\/www.stadefrancais.com\/geo-andre\/wp-json\/wp\/v2\/media?parent=15"}],"curies":[{"name":"wp","href":"https:\/\/api.w.org\/{rel}","templated":true}]}}