{"id":1634,"date":"2024-09-11T15:16:22","date_gmt":"2024-09-11T13:16:22","guid":{"rendered":"https:\/\/www.stadefrancais.com\/haras-lupin\/?page_id=1634"},"modified":"2026-05-05T12:41:50","modified_gmt":"2026-05-05T10:41:50","slug":"tarifs","status":"publish","type":"page","link":"https:\/\/www.stadefrancais.com\/haras-lupin\/tarifs\/","title":{"rendered":"Tarifs"},"content":{"rendered":"<p>[et_pb_section fb_built=\u00a0\u00bb1&Prime; _builder_version=\u00a0\u00bb4.25.2&Prime; global_colors_info=\u00a0\u00bb{}\u00a0\u00bb][et_pb_row column_structure=\u00a0\u00bb1_2,1_2&Prime; _builder_version=\u00a0\u00bb4.25.2&Prime; background_size=\u00a0\u00bbinitial\u00a0\u00bb background_position=\u00a0\u00bbtop_left\u00a0\u00bb background_repeat=\u00a0\u00bbrepeat\u00a0\u00bb global_colors_info=\u00a0\u00bb{}\u00a0\u00bb][et_pb_column type=\u00a0\u00bb1_2&Prime; _builder_version=\u00a0\u00bb4.25.2&Prime; custom_padding=\u00a0\u00bb|40px|||false|false\u00a0\u00bb global_colors_info=\u00a0\u00bb{}\u00a0\u00bb custom_padding__hover=\u00a0\u00bb|||\u00a0\u00bb][et_pb_text _builder_version=\u00a0\u00bb4.27.4&Prime; background_size=\u00a0\u00bbinitial\u00a0\u00bb background_position=\u00a0\u00bbtop_left\u00a0\u00bb background_repeat=\u00a0\u00bbrepeat\u00a0\u00bb hover_enabled=\u00a0\u00bb0&Prime; global_colors_info=\u00a0\u00bb{}\u00a0\u00bb sticky_enabled=\u00a0\u00bb0&Prime;]<\/p>\n<p><!-- divi:paragraph {\"fontSize\":\"medium\"} --><\/p>\n<h3 class=\"has-medium-font-size\">Pratique libre\/Cours collectifs<\/h3>\n<p><img decoding=\"async\" src=\"https:\/\/www.stadefrancais.com\/haras-lupin\/wp-content\/uploads\/sites\/3\/2026\/05\/Pratique-libre-300x268.png\" width=\"621\" height=\"555\" alt=\"Pratique Libre\" class=\"wp-image-1693 alignnone size-medium\" srcset=\"https:\/\/www.stadefrancais.com\/haras-lupin\/wp-content\/uploads\/sites\/3\/2026\/05\/Pratique-libre-300x268.png 300w, https:\/\/www.stadefrancais.com\/haras-lupin\/wp-content\/uploads\/sites\/3\/2026\/05\/Pratique-libre-168x150.png 168w, https:\/\/www.stadefrancais.com\/haras-lupin\/wp-content\/uploads\/sites\/3\/2026\/05\/Pratique-libre.png 630w\" sizes=\"(max-width: 621px) 100vw, 621px\" \/><\/p>\n<p><!-- \/divi:paragraph --><\/p>\n<p><!-- divi:image {\"id\":1647,\"sizeSlug\":\"full\",\"linkDestination\":\"none\"} --><\/p>\n<p><!-- \/divi:image --><\/p>\n<p><!-- divi:paragraph -->*Il existe \u00e9galement des tarifs combin\u00e9s Faisanderie\/Haras Lupin\/Courson<\/p>\n<p><!-- \/divi:paragraph --><\/p>\n<p><!-- divi:paragraph -->**Remises de 150 \u00e0 350\u20ac pour les membres pratique libre ou Faisanderie<\/p>\n<p><!-- \/divi:paragraph --><\/p>\n<p><!-- divi:paragraph -->Toute l\u2019ann\u00e9e des stages sont propos\u00e9s sur diff\u00e9rents th\u00e8mes (parcours, petit et grand jeu, \u2026). Renseignements \u00e0 l\u2019accueil.<\/p>\n<p><!-- \/divi:paragraph --><\/p>\n<p>[\/et_pb_text][\/et_pb_column][et_pb_column type=\u00a0\u00bb1_2&Prime; _builder_version=\u00a0\u00bb4.16&Prime; custom_padding=\u00a0\u00bb|||\u00a0\u00bb global_colors_info=\u00a0\u00bb{}\u00a0\u00bb custom_padding__hover=\u00a0\u00bb|||\u00a0\u00bb][et_pb_text _builder_version=\u00a0\u00bb4.25.2&Prime; _module_preset=\u00a0\u00bbdefault\u00a0\u00bb global_colors_info=\u00a0\u00bb{}\u00a0\u00bb]<\/p>\n<h3>Ecole de Golf<\/h3>\n<p><img decoding=\"async\" src=\"https:\/\/www.stadefrancais.com\/haras-lupin\/wp-content\/uploads\/sites\/3\/2024\/09\/Tarifs-ecole-de-golf-300x123.png\" width=\"532\" height=\"218\" alt=\"Tarifs \u00e9cole De Golf\" class=\"wp-image-1648 alignnone size-medium\" srcset=\"https:\/\/www.stadefrancais.com\/haras-lupin\/wp-content\/uploads\/sites\/3\/2024\/09\/Tarifs-ecole-de-golf-300x123.png 300w, https:\/\/www.stadefrancais.com\/haras-lupin\/wp-content\/uploads\/sites\/3\/2024\/09\/Tarifs-ecole-de-golf-768x315.png 768w, https:\/\/www.stadefrancais.com\/haras-lupin\/wp-content\/uploads\/sites\/3\/2024\/09\/Tarifs-ecole-de-golf-366x150.png 366w, https:\/\/www.stadefrancais.com\/haras-lupin\/wp-content\/uploads\/sites\/3\/2024\/09\/Tarifs-ecole-de-golf.png 829w\" sizes=\"(max-width: 532px) 100vw, 532px\" \/><\/p>\n<p><strong>BABY-GOLF <\/strong>(s\u00e9ance 1h) : D\u00e9couverte du monde du golf. Apprentissage du swing et des premi\u00e8res r\u00e8gles essentielles. D\u00e9veloppement de la motricit\u00e9 et de la gestion du corps dans l\u2019espace.<\/p>\n<p>Objectif : drapeau vert.<\/p>\n<p><strong>D\u00c9BUTANT\/PERFECTIONNEMENT <\/strong>(s\u00e9ance 1h30) : \u00c0 partir de 6 ans<\/p>\n<p>Objectif : Passage des diff\u00e9rents drapeaux, du rouge au blanc en fonction du niveau de d\u00e9part. Apprentissage des r\u00e8gles et des diff\u00e9rents types de coups en vue d\u2019une participation \u00e0 une premi\u00e8re comp\u00e9tition.<\/p>\n<p>Objectif : drapeau jaune, blanc ou premier index.<\/p>\n<p><strong>PERFORMANCE<\/strong> : 2h ou 3h en fonction du jour choisi. Minimum drapeau jaune.<\/p>\n<p>Perfectionnement du swing, du petit jeu, de la connaissance des r\u00e8gles et de l\u2019\u00e9tiquette pour une autonomie totale sur le parcours.<\/p>\n<p><strong>PERFORMANCE ++<\/strong> : 3h le mercredi et 2h le samedi, minimum 36 index.<\/p>\n<p>Travail technique et physique afin de participer aux comp\u00e9titions jeunes de ligue et\/ou f\u00e9d\u00e9rales. Gratuit\u00e9 sur le parcours du Haras Lupin sans r\u00e9servation dans la limite des places disponibles.<\/p>\n<p>[\/et_pb_text][\/et_pb_column][\/et_pb_row][et_pb_row _builder_version=\u00a0\u00bb4.16&Prime; background_size=\u00a0\u00bbinitial\u00a0\u00bb background_position=\u00a0\u00bbtop_left\u00a0\u00bb background_repeat=\u00a0\u00bbrepeat\u00a0\u00bb global_colors_info=\u00a0\u00bb{}\u00a0\u00bb][et_pb_column type=\u00a0\u00bb4_4&Prime; _builder_version=\u00a0\u00bb4.16&Prime; custom_padding=\u00a0\u00bb|||\u00a0\u00bb global_colors_info=\u00a0\u00bb{}\u00a0\u00bb custom_padding__hover=\u00a0\u00bb|||\u00a0\u00bb][\/et_pb_column][\/et_pb_row][\/et_pb_section]<\/p>\n","protected":false},"excerpt":{"rendered":"<p>Pratique libre\/Cours collectifs *Il existe \u00e9galement des tarifs combin\u00e9s Faisanderie\/Haras Lupin\/Courson **Remises de 150 \u00e0 350\u20ac pour les membres pratique libre ou Faisanderie Toute l\u2019ann\u00e9e des stages sont propos\u00e9s sur diff\u00e9rents th\u00e8mes (parcours, petit et grand jeu, \u2026). Renseignements \u00e0 l\u2019accueil. Ecole de Golf BABY-GOLF (s\u00e9ance 1h) : D\u00e9couverte du monde du golf. Apprentissage du [&hellip;]<\/p>\n","protected":false},"author":32,"featured_media":0,"parent":0,"menu_order":0,"comment_status":"closed","ping_status":"closed","template":"","meta":{"_acf_changed":false,"_seopress_robots_primary_cat":"","_seopress_titles_title":"","_seopress_titles_desc":"","_seopress_robots_index":"","_et_pb_use_builder":"on","_et_pb_old_content":"<!-- wp:paragraph {\"fontSize\":\"medium\"} -->\n<p class=\"has-medium-font-size\"><strong>Pratique libre\/Cours collectifs<\/strong><\/p>\n<!-- \/wp:paragraph -->\n\n<!-- wp:image {\"id\":1647,\"sizeSlug\":\"full\",\"linkDestination\":\"none\"} -->\n<figure class=\"wp-block-image size-full\"><img src=\"https:\/\/www.stadefrancais.com\/haras-lupin\/wp-content\/uploads\/sites\/3\/2024\/09\/Tarifs-Golf.png\" alt=\"Tarifs Golf\" class=\"wp-image-1647\"\/><\/figure>\n<!-- \/wp:image -->\n\n<!-- wp:paragraph -->\n<p>*Il existe \u00e9galement des tarifs combin\u00e9s Faisanderie\/Haras Lupin\/Courson<\/p>\n<!-- \/wp:paragraph -->\n\n<!-- wp:paragraph -->\n<p>**Remises de 150 \u00e0 350\u20ac pour les membres pratique libre ou Faisanderie<\/p>\n<!-- \/wp:paragraph -->\n\n<!-- wp:paragraph -->\n<p>Toute l\u2019ann\u00e9e des stages sont propos\u00e9s sur diff\u00e9rents th\u00e8mes (parcours, petit et grand jeu, \u2026). Renseignements \u00e0 l\u2019accueil.<\/p>\n<!-- \/wp:paragraph -->","_et_gb_content_width":"","footnotes":""},"class_list":["post-1634","page","type-page","status-publish","hentry"],"acf":[],"_links":{"self":[{"href":"https:\/\/www.stadefrancais.com\/haras-lupin\/wp-json\/wp\/v2\/pages\/1634","targetHints":{"allow":["GET"]}}],"collection":[{"href":"https:\/\/www.stadefrancais.com\/haras-lupin\/wp-json\/wp\/v2\/pages"}],"about":[{"href":"https:\/\/www.stadefrancais.com\/haras-lupin\/wp-json\/wp\/v2\/types\/page"}],"author":[{"embeddable":true,"href":"https:\/\/www.stadefrancais.com\/haras-lupin\/wp-json\/wp\/v2\/users\/32"}],"replies":[{"embeddable":true,"href":"https:\/\/www.stadefrancais.com\/haras-lupin\/wp-json\/wp\/v2\/comments?post=1634"}],"version-history":[{"count":6,"href":"https:\/\/www.stadefrancais.com\/haras-lupin\/wp-json\/wp\/v2\/pages\/1634\/revisions"}],"predecessor-version":[{"id":1694,"href":"https:\/\/www.stadefrancais.com\/haras-lupin\/wp-json\/wp\/v2\/pages\/1634\/revisions\/1694"}],"wp:attachment":[{"href":"https:\/\/www.stadefrancais.com\/haras-lupin\/wp-json\/wp\/v2\/media?parent=1634"}],"curies":[{"name":"wp","href":"https:\/\/api.w.org\/{rel}","templated":true}]}}