{"id":274,"date":"2019-02-14T15:17:18","date_gmt":"2019-02-14T14:17:18","guid":{"rendered":"https:\/\/stadefrancais.com\/haras-lupin\/?page_id=274\/"},"modified":"2022-12-04T17:55:12","modified_gmt":"2022-12-04T16:55:12","slug":"reglement","status":"publish","type":"page","link":"https:\/\/www.stadefrancais.com\/haras-lupin\/reglement\/","title":{"rendered":"R\u00e8glement"},"content":{"rendered":"<p>[et_pb_section fb_built=\u00a0\u00bb1&Prime; module_class=\u00a0\u00bbsection-full-height gradient\u00a0\u00bb _builder_version=\u00a0\u00bb4.18.0&Prime; _module_preset=\u00a0\u00bbdefault\u00a0\u00bb background_image=\u00a0\u00bbhttps:\/\/www.stadefrancais.com\/haras-lupin\/wp-content\/uploads\/sites\/3\/2022\/10\/00090747StadeFrancais_Coursadultes_printemps21_offside.jpg\u00a0\u00bb parallax=\u00a0\u00bbon\u00a0\u00bb global_colors_info=\u00a0\u00bb{}\u00a0\u00bb][et_pb_row make_equal=\u00a0\u00bbon\u00a0\u00bb module_class=\u00a0\u00bbvertical-align-middle\u00a0\u00bb _builder_version=\u00a0\u00bb4.18.0&Prime; _module_preset=\u00a0\u00bbdefault\u00a0\u00bb height=\u00a0\u00bb100%\u00a0\u00bb global_colors_info=\u00a0\u00bb{}\u00a0\u00bb][et_pb_column type=\u00a0\u00bb4_4&Prime; _builder_version=\u00a0\u00bb4.18.0&Prime; _module_preset=\u00a0\u00bbdefault\u00a0\u00bb global_colors_info=\u00a0\u00bb{}\u00a0\u00bb][et_pb_text admin_label=\u00a0\u00bbTitre du site\u00a0\u00bb _builder_version=\u00a0\u00bb4.18.0&Prime; _module_preset=\u00a0\u00bbdefault\u00a0\u00bb header_font=\u00a0\u00bb|800||on|||||\u00a0\u00bb header_text_align=\u00a0\u00bbcenter\u00a0\u00bb header_text_color=\u00a0\u00bb#FFFFFF\u00a0\u00bb header_font_size=\u00a0\u00bb42px\u00a0\u00bb custom_margin=\u00a0\u00bb0px||0px||true|false\u00a0\u00bb custom_padding=\u00a0\u00bb0px||0px||true|false\u00a0\u00bb animation_style=\u00a0\u00bbfade\u00a0\u00bb animation_duration=\u00a0\u00bb850ms\u00a0\u00bb header_text_shadow_style=\u00a0\u00bbpreset1&Prime; header_text_shadow_vertical_length=\u00a0\u00bb0.02em\u00a0\u00bb global_colors_info=\u00a0\u00bb{}\u00a0\u00bb]<\/p>\n<h1>R\u00e8glement int\u00e9rieur<\/h1>\n<p>[\/et_pb_text][\/et_pb_column][\/et_pb_row][\/et_pb_section][et_pb_section fb_built=\u00a0\u00bb1&Prime; disabled_on=\u00a0\u00bboff|off|off\u00a0\u00bb _builder_version=\u00a0\u00bb4.18.0&Prime; _module_preset=\u00a0\u00bbdefault\u00a0\u00bb transform_scale_tablet=\u00a0\u00bb\u00a0\u00bb transform_scale_phone=\u00a0\u00bb\u00a0\u00bb transform_scale_last_edited=\u00a0\u00bbon|tablet\u00a0\u00bb transform_scale_linked_tablet=\u00a0\u00bboff\u00a0\u00bb transform_translate_tablet=\u00a0\u00bb0px|-32px\u00a0\u00bb transform_translate_phone=\u00a0\u00bb0px|-32px\u00a0\u00bb transform_translate_last_edited=\u00a0\u00bbon|phone\u00a0\u00bb transform_translate_linked=\u00a0\u00bboff\u00a0\u00bb transform_rotate_tablet=\u00a0\u00bb\u00a0\u00bb transform_rotate_phone=\u00a0\u00bb\u00a0\u00bb transform_rotate_last_edited=\u00a0\u00bbon|desktop\u00a0\u00bb transform_skew_tablet=\u00a0\u00bb\u00a0\u00bb transform_skew_phone=\u00a0\u00bb\u00a0\u00bb transform_skew_last_edited=\u00a0\u00bbon|desktop\u00a0\u00bb transform_origin_tablet=\u00a0\u00bb\u00a0\u00bb transform_origin_phone=\u00a0\u00bb\u00a0\u00bb transform_origin_last_edited=\u00a0\u00bbon|desktop\u00a0\u00bb transform_styles_last_edited=\u00a0\u00bbon|phone\u00a0\u00bb custom_padding=\u00a0\u00bb30px||30px||true|false\u00a0\u00bb sticky_position=\u00a0\u00bbtop\u00a0\u00bb sticky_offset_top=\u00a0\u00bb132px\u00a0\u00bb sticky_limit_bottom=\u00a0\u00bbbody\u00a0\u00bb sticky_offset_surrounding=\u00a0\u00bboff\u00a0\u00bb transform_styles_tablet=\u00a0\u00bb\u00a0\u00bb transform_styles_phone=\u00a0\u00bb\u00a0\u00bb sticky_offset_top_tablet=\u00a0\u00bb132px\u00a0\u00bb sticky_offset_top_phone=\u00a0\u00bb168px\u00a0\u00bb sticky_offset_top_last_edited=\u00a0\u00bbon|phone\u00a0\u00bb locked=\u00a0\u00bboff\u00a0\u00bb global_colors_info=\u00a0\u00bb{}\u00a0\u00bb transform_styles__sticky_enabled=\u00a0\u00bbon|desktop\u00a0\u00bb transform_scale__sticky_enabled=\u00a0\u00bbon|desktop\u00a0\u00bb transform_translate__sticky_enabled=\u00a0\u00bbon|desktop\u00a0\u00bb transform_rotate__sticky_enabled=\u00a0\u00bbon|desktop\u00a0\u00bb transform_skew__sticky_enabled=\u00a0\u00bbon|desktop\u00a0\u00bb transform_origin__sticky_enabled=\u00a0\u00bbon|desktop\u00a0\u00bb][et_pb_row _builder_version=\u00a0\u00bb4.18.0&Prime; _module_preset=\u00a0\u00bbdefault\u00a0\u00bb global_colors_info=\u00a0\u00bb{}\u00a0\u00bb][et_pb_column type=\u00a0\u00bb4_4&Prime; _builder_version=\u00a0\u00bb4.18.0&Prime; _module_preset=\u00a0\u00bbdefault\u00a0\u00bb global_colors_info=\u00a0\u00bb{}\u00a0\u00bb][et_pb_menu menu_id=\u00a0\u00bb12&Prime; menu_style=\u00a0\u00bbcentered\u00a0\u00bb module_class=\u00a0\u00bbmenu-scrollable\u00a0\u00bb _builder_version=\u00a0\u00bb4.18.0&Prime; _module_preset=\u00a0\u00bbdefault\u00a0\u00bb menu_text_color=\u00a0\u00bb#000000&Prime; global_colors_info=\u00a0\u00bb{}\u00a0\u00bb][\/et_pb_menu][\/et_pb_column][\/et_pb_row][\/et_pb_section][et_pb_section fb_built=\u00a0\u00bb1&Prime; _builder_version=\u00a0\u00bb4.18.0&Prime; _module_preset=\u00a0\u00bbdefault\u00a0\u00bb custom_padding=\u00a0\u00bb60px||30px||false|false\u00a0\u00bb locked=\u00a0\u00bboff\u00a0\u00bb global_colors_info=\u00a0\u00bb{}\u00a0\u00bb][et_pb_row column_structure=\u00a0\u00bb1_2,1_2&Prime; use_custom_gutter=\u00a0\u00bbon\u00a0\u00bb gutter_width=\u00a0\u00bb3&Prime; _builder_version=\u00a0\u00bb4.18.0&Prime; _module_preset=\u00a0\u00bbdefault\u00a0\u00bb global_colors_info=\u00a0\u00bb{}\u00a0\u00bb][et_pb_column type=\u00a0\u00bb1_2&Prime; _builder_version=\u00a0\u00bb4.18.0&Prime; _module_preset=\u00a0\u00bbdefault\u00a0\u00bb global_colors_info=\u00a0\u00bb{}\u00a0\u00bb][et_pb_text _builder_version=\u00a0\u00bb4.18.0&Prime; _module_preset=\u00a0\u00bbcd1e601c-8058-4ba6-9eca-a3d188c08d6b\u00a0\u00bb text_font=\u00a0\u00bb|300|||||||\u00a0\u00bb link_font=\u00a0\u00bb||||on||||\u00a0\u00bb global_colors_info=\u00a0\u00bb{}\u00a0\u00bb]<\/p>\n<p><a href=\"https:\/\/www.stadefrancais.com\/haras-lupin\/wp-content\/uploads\/sites\/3\/2019\/05\/Reglement-interieur-SF-Haras-Lupin.pdf\">T\u00e9l\u00e9chargez ici, le r\u00e8glement int\u00e9rieur du Haras Lupin <\/a><\/p>\n<p>[\/et_pb_text][\/et_pb_column][et_pb_column type=\u00a0\u00bb1_2&Prime; _builder_version=\u00a0\u00bb4.18.0&Prime; _module_preset=\u00a0\u00bbdefault\u00a0\u00bb animation_style=\u00a0\u00bbslide\u00a0\u00bb animation_direction=\u00a0\u00bbbottom\u00a0\u00bb animation_duration=\u00a0\u00bb800ms\u00a0\u00bb global_colors_info=\u00a0\u00bb{}\u00a0\u00bb][et_pb_text admin_label=\u00a0\u00bbText\u00a0\u00bb _builder_version=\u00a0\u00bb4.18.0&Prime; background_size=\u00a0\u00bbinitial\u00a0\u00bb background_position=\u00a0\u00bbtop_left\u00a0\u00bb background_repeat=\u00a0\u00bbrepeat\u00a0\u00bb global_colors_info=\u00a0\u00bb{}\u00a0\u00bb]<img decoding=\"async\" class=\" wp-image-1116 aligncenter\" src=\"https:\/\/stadefrancais.com\/faisanderie\/wp-content\/uploads\/sites\/25\/2019\/02\/SF-Logo.jpg\" alt=\"\"  \/>[\/et_pb_text][\/et_pb_column][\/et_pb_row][\/et_pb_section]<\/p>\n","protected":false},"excerpt":{"rendered":"<p>R\u00e8glement int\u00e9rieurT\u00e9l\u00e9chargez ici, le r\u00e8glement int\u00e9rieur du Haras Lupin<\/p>\n","protected":false},"author":1,"featured_media":0,"parent":0,"menu_order":0,"comment_status":"closed","ping_status":"closed","template":"","meta":{"_acf_changed":false,"_seopress_robots_primary_cat":"","_seopress_titles_title":"","_seopress_titles_desc":"","_seopress_robots_index":"","_et_pb_use_builder":"on","_et_pb_old_content":"&nbsp;\n\n&nbsp;\n\n&nbsp;\n\n<img class=\"wp-image-306 aligncenter\" src=\"https:\/\/www.stadefrancais.com\/haras-lupin\/wp-content\/uploads\/sites\/3\/2019\/05\/SF-Logo-300x131.jpg\" alt=\"\" width=\"426\" height=\"186\" \/>\n<p style=\"text-align: center\"><a href=\"https:\/\/www.stadefrancais.com\/haras-lupin\/wp-content\/uploads\/sites\/3\/2019\/05\/Reglement-interieur-SF-Haras-Lupin.pdf\">T\u00e9l\u00e9chargez ci, le r\u00e8glement int\u00e9rieur du Haras Lupin<\/a><\/p>","_et_gb_content_width":"","footnotes":""},"class_list":["post-274","page","type-page","status-publish","hentry"],"acf":[],"_links":{"self":[{"href":"https:\/\/www.stadefrancais.com\/haras-lupin\/wp-json\/wp\/v2\/pages\/274","targetHints":{"allow":["GET"]}}],"collection":[{"href":"https:\/\/www.stadefrancais.com\/haras-lupin\/wp-json\/wp\/v2\/pages"}],"about":[{"href":"https:\/\/www.stadefrancais.com\/haras-lupin\/wp-json\/wp\/v2\/types\/page"}],"author":[{"embeddable":true,"href":"https:\/\/www.stadefrancais.com\/haras-lupin\/wp-json\/wp\/v2\/users\/1"}],"replies":[{"embeddable":true,"href":"https:\/\/www.stadefrancais.com\/haras-lupin\/wp-json\/wp\/v2\/comments?post=274"}],"version-history":[{"count":5,"href":"https:\/\/www.stadefrancais.com\/haras-lupin\/wp-json\/wp\/v2\/pages\/274\/revisions"}],"predecessor-version":[{"id":1168,"href":"https:\/\/www.stadefrancais.com\/haras-lupin\/wp-json\/wp\/v2\/pages\/274\/revisions\/1168"}],"wp:attachment":[{"href":"https:\/\/www.stadefrancais.com\/haras-lupin\/wp-json\/wp\/v2\/media?parent=274"}],"curies":[{"name":"wp","href":"https:\/\/api.w.org\/{rel}","templated":true}]}}